{"id":9,"date":"2023-06-08T14:05:14","date_gmt":"2023-06-08T12:05:14","guid":{"rendered":"https:\/\/dev.ipesud.jack.agency\/?page_id=9"},"modified":"2023-07-05T13:59:09","modified_gmt":"2023-07-05T11:59:09","slug":"conditions-generales-dutilisation","status":"publish","type":"page","link":"https:\/\/www.cours-acces.fr\/reunion\/conditions-generales-dutilisation\/","title":{"rendered":"Conditions g\u00e9n\u00e9rales d&rsquo;utilisation"},"content":{"rendered":"\t\t<div data-elementor-type=\"wp-page\" data-elementor-id=\"9\" class=\"elementor elementor-9\">\n\t\t\t\t\t\t<section class=\"elementor-section elementor-top-section elementor-element elementor-element-1ec36bce elementor-section-boxed elementor-section-height-default elementor-section-height-default\" data-id=\"1ec36bce\" data-element_type=\"section\">\n\t\t\t\t\t\t<div class=\"elementor-container elementor-column-gap-default\">\n\t\t\t\t\t<div class=\"elementor-column elementor-col-100 elementor-top-column elementor-element elementor-element-6ea0c81d\" data-id=\"6ea0c81d\" data-element_type=\"column\">\n\t\t\t<div class=\"elementor-widget-wrap elementor-element-populated\">\n\t\t\t\t\t\t<div class=\"elementor-element elementor-element-58e58be3 elementor-widget elementor-widget-text-editor\" data-id=\"58e58be3\" data-element_type=\"widget\" data-widget_type=\"text-editor.default\">\n\t\t\t\t<div class=\"elementor-widget-container\">\n\t\t\t\t\t\t\t\t\t<h2 class=\"h2-block\">Soci\u00e9t\u00e9<\/h2><div class=\"bordered-block row bordered-block--left\"><div class=\"bordered-block__cols mt-0 col col-md-8 col-lg-7\"><div class=\"bordered-block__fragment blocks-reader__fragment\"><p class=\"p-block\">M\u00e9disup Sciences est une classe pr\u00e9paratoire priv\u00e9e aux concours de sant\u00e9 enregistr\u00e9e aupr\u00e8s du rectorat de Paris, situ\u00e9 1 rue Castex 75004 Paris et joignable \u00e0 l\u2019adresse \u00e9lectronique suivante\u00a0<a href=\"mailto:secretariat@medisup.com\">secretariat@medisup.com<\/a>\u00a0ou par appel t\u00e9l\u00e9phonique au 01.48.04.90.50.<\/p><p class=\"p-block\">M\u00e9disup Sciences est un \u00e9tablissement de la soci\u00e9t\u00e9 Medisup Sciences, soci\u00e9t\u00e9 \u00e0 responsabilit\u00e9 limit\u00e9e au capital social de 1.000 \u20ac situ\u00e9e 1, rue Castex 75004 Paris et inscrite au Registre du commerce et des soci\u00e9t\u00e9s de Paris depuis le 19 mars 2008 sous le num\u00e9ro 401 558 689.<\/p><\/div><\/div><\/div><section class=\"blocks-reader__fragment section-block\"><h2 class=\"h2-block\">Droit de r\u00e9tractation<\/h2><div class=\"bordered-block row bordered-block--left\"><div class=\"bordered-block__cols mt-0 col col-md-8 col-lg-7\"><div class=\"bordered-block__fragment blocks-reader__fragment\"><p class=\"p-block\">En cas d\u2019inscription r\u00e9alis\u00e9e par Internet, par correspondance ou sur un autre lieu que dans les locaux de l\u2019\u00e9tablissement M\u00e9disup Sciences, la personne inscrite dispose d\u2019un d\u00e9lai de 14 jours francs (1<sup>er<\/sup>\u00a0jour non compris) \u00e0 compter de l\u2019enregistrement du contrat-formulaire par M\u00e9disup Sciences (mat\u00e9rialis\u00e9 par la r\u00e9ception d\u2019un courrier \u00e9lectronique ou l\u2019envoi d\u2019une lettre confirmant son inscription) pour exercer son droit de r\u00e9tractation en application de l\u2019article 221-18 du Code de la consommation.<\/p><p class=\"p-block\">Pour ce faire, la personne inscrite devra adresser dans le d\u00e9lai pr\u00e9cit\u00e9 le formulaire d\u00fbment compl\u00e9t\u00e9 accessible par le lien hypertexte qui suit pr\u00e9cisant qu\u2019elle demande \u00e0 se r\u00e9tracter de son inscription (sans avoir \u00e0 fournir d\u2019explication), les frais d\u2019inscription qu\u2019elle aurait d\u00e9bours\u00e9s et qui auraient \u00e9t\u00e9 encaiss\u00e9s lui seront alors rembours\u00e9s, dans les 14 jours, selon les m\u00eames moyens de paiement que ceux utilis\u00e9s si un r\u00e8glement avait \u00e9t\u00e9 effectu\u00e9.<\/p><p class=\"p-block\">En application de l\u2019article L. 221-25 alin\u00e9a 2 du Code de la consommation, l\u2019\u00e9l\u00e8ve est inform\u00e9 que dans l\u2019hypoth\u00e8se o\u00f9 il suit la formation avant l\u2019expiration du d\u00e9lai de r\u00e9tractation, l\u2019article L. 221-25 alin\u00e9a 2 du Code de la consommation produirait tous ses effets de droit \u00e0 proportion des services fournis.<\/p><\/div><\/div><\/div><a class=\"btn btn--cta btn-outline-dark btn-cta--arrow-right cta-block\" href=\"https:\/\/medisup.com\/telechargements\/medisup-sciences_formulaire-retractation.pdf\" target=\"_blank\" rel=\"noopener\">T\u00e9l\u00e9charger le formulaire de r\u00e9tractation<\/a><\/section><section class=\"blocks-reader__fragment section-block\"><h2 class=\"h2-block\">Mode de r\u00e8glement des litiges<\/h2><div class=\"bordered-block row bordered-block--left\"><div class=\"bordered-block__cols mt-0 col col-md-8 col-lg-7\"><div class=\"bordered-block__fragment blocks-reader__fragment\"><p class=\"p-block\">En cas de diff\u00e9rend, la personne inscrite ou ayant \u00e9t\u00e9 inscrite est invit\u00e9e \u00e0 adresser l\u2019objet de sa contestation par lettre recommand\u00e9e avec AR \u00e0 l\u2019\u00e9tablissement M\u00e9disup Sciences \u00e0 l\u2019adresse suivante M\u00e9disup Sciences &#8211; 1, rue Castex &#8211; 75004 Paris lequel disposera d\u2019un d\u00e9lai de 14 jours pour r\u00e9pondre.<\/p><p class=\"p-block\">A l\u2019expiration de ce d\u00e9lai et \u00e0 d\u00e9faut de r\u00e9ponse satisfaisante pour le demandeur \u00e0 la r\u00e9clamation, celui-ci pourra saisir le m\u00e9diateur.<\/p><\/div><\/div><\/div><\/section><section class=\"blocks-reader__fragment section-block\"><h2 class=\"h2-block\">Propri\u00e9t\u00e9 intellectuelle<\/h2><div class=\"bordered-block row bordered-block--left\"><div class=\"bordered-block__cols mt-0 col col-md-8 col-lg-7\"><div class=\"bordered-block__fragment blocks-reader__fragment\"><p class=\"p-block\">Le contenu des documents p\u00e9dagogiques remis aux \u00e9tudiants inscrits \u00e0 M\u00e9disup Sciences est prot\u00e9g\u00e9 par le droit d\u2019auteur au sens des articles L. 122-4 et L. 335-3 et suivants du code de la propri\u00e9t\u00e9 intellectuelle. La copie, ou la diffusion de tout ou partie de celui-ci, sous quelque forme que ce soit, est interdite sauf accord \u00e9crit pr\u00e9alable de M\u00e9disup Sciences.<\/p><p class=\"p-block\">L\u2019\u00e9tudiant inscrit reconna\u00eet qu\u2019il n\u2019a aucun droit de propri\u00e9t\u00e9 sur le contenu des documents remis.<\/p><p class=\"p-block\">\u00c0 ce titre, l\u2019\u00e9tudiant n\u2019a aucun droit m\u00eame partiellement de copier sur n\u2019importe quel support, pr\u00eater, \u00e9changer ou c\u00e9der les documents fournis. Toute reproduction et plus g\u00e9n\u00e9ralement toute exploitation des documents remis aux \u00e9tudiants, quel qu\u2019en soit le support et la destination, sont interdites. Le non-respect de ces stipulations est passible de sanctions p\u00e9nales.<\/p><\/div><\/div><\/div><\/section><section class=\"blocks-reader__fragment section-block\"><h2 class=\"h2-block\">La contribution de vie \u00e9tudiante et de campus (CVEC)<\/h2><div class=\"bordered-block row bordered-block--left\"><div class=\"bordered-block__cols mt-0 col col-md-8 col-lg-7\"><div class=\"bordered-block__fragment blocks-reader__fragment\"><p class=\"p-block\">La Contribution \u00e0 la vie \u00e9tudiante et de campus (CVEC) est une contribution instaur\u00e9e \u00e0 l\u2019article 841-5 du Code de l\u2019\u00e9ducation \u00e0 compter du 1<sup>er<\/sup>\u00a0juin 2018 par la loi relative \u00e0 l\u2019orientation et \u00e0 la r\u00e9ussite des \u00e9tudiants du 8 mars 2018 afin de :<\/p><ul class=\"list-block\"><li class=\"li-block list-block__item list-block__item--primaire list-block__item--square\">favoriser l\u2019accueil et l\u2019accompagnement social, sanitaire, culturel et sportif des \u00e9tudiants,<\/li><li class=\"li-block list-block__item list-block__item--primaire list-block__item--square\">conforter les actions de pr\u00e9vention et d\u2019\u00e9ducation \u00e0 la sant\u00e9 r\u00e9alis\u00e9es \u00e0 leur intention.<\/li><\/ul><p class=\"p-block\">Pour toute information compl\u00e9mentaire, le site\u00a0<a class=\"external-link\" href=\"http:\/\/cvec.etudiant.gouv.fr\/\" target=\"_blank\" rel=\"noopener noreferrer\">http:\/\/cvec.etudiant.gouv.fr\/<\/a>\u00a0explique et documente les \u00e9tudiants au sujet de cette contribution.<\/p><p class=\"p-block\">La contribution CVEC est due chaque ann\u00e9e par les \u00e9tudiants lors de leur inscription \u00e0 une formation initiale dans un \u00e9tablissement d\u2019enseignement sup\u00e9rieur et vaut quelle que soit le nombre d\u2019inscription dans l\u2019enseignement sup\u00e9rieur pour l\u2019ann\u00e9e universitaire en cours.<br \/>Le r\u00e8glement de la contribution CVEC s\u2019op\u00e8re :<\/p><ul class=\"list-block\"><li class=\"li-block list-block__item list-block__item--primaire list-block__item--square\">par carte bancaire en se connectant \u00e0\u00a0<a class=\"external-link\" href=\"https:\/\/www.messervices.etudiant.gouv.fr\/\" target=\"_blank\" rel=\"noopener noreferrer\">https:\/\/www.messervices.etudiant.gouv.fr\/<\/a><\/li><li class=\"li-block list-block__item list-block__item--primaire list-block__item--square\">en esp\u00e8ces au guichet d\u2019un bureau de poste contre r\u00e9c\u00e9piss\u00e9 et apr\u00e8s avoir rempli les documents utiles.<\/li><\/ul><p class=\"p-block\">Sont exon\u00e9r\u00e9s du paiement de la contribution CVEC, les \u00e9tudiants qui b\u00e9n\u00e9ficient d\u2019une bourse de l\u2019enseignement sup\u00e9rieur ou d\u2019une allocation annuelle accord\u00e9e dans le cadre des dispositifs d\u2019aide aux \u00e9tudiants mentionn\u00e9s \u00e0 l\u2019article L. 821-1 du code de l\u2019\u00e9ducation.<\/p><p class=\"p-block\">Sont \u00e9galement exon\u00e9r\u00e9s du paiement de la contribution CVEC, les \u00e9tudiants ayant un statut de r\u00e9fugi\u00e9 ou de la protection subsidiaire ainsi que les \u00e9tudiants enregistr\u00e9s par l\u2019autorit\u00e9 comp\u00e9tente en qualit\u00e9 de demandeur d\u2019asile et disposant du droit de se maintenir sur le territoire dans les conditions pr\u00e9vues aux articles L. 742-1 et L. 743-1 du code de l\u2019entr\u00e9e et du s\u00e9jour des \u00e9trangers et du droit d\u2019asile.<\/p><p class=\"p-block\">Les \u00e9tudiants qui b\u00e9n\u00e9ficient d\u2019un motif d\u2019exon\u00e9ration du paiement de la contribution CVEC, doivent en justifier aupr\u00e8s du CROUS du Rectorat de l\u2019\u00e9tablissement sup\u00e9rieur o\u00f9 ils souhaitent s\u2019inscrire en se connectant sur le site\u00a0<a class=\"external-link\" href=\"https:\/\/www.messervices.etudiant.gouv.fr\/\" target=\"_blank\" rel=\"noopener noreferrer\">https:\/\/www.messervices.etudiant.gouv.fr\/<\/a>; ils remplissent un dossier \u00e0 cette fin et doivent fournir toutes les pi\u00e8ces justificatives demand\u00e9es.<\/p><p class=\"p-block\">Apr\u00e8s avoir rempli les formalit\u00e9s requises, les \u00e9tudiants re\u00e7oivent normalement un courrier \u00e9lectronique avec les r\u00e9f\u00e9rences et un lien leur permettant de t\u00e9l\u00e9charger l\u2019attestation selon laquelle ils sont en conformit\u00e9 avec le r\u00e8glement de la CVEC ou qu\u2019ils en sont l\u00e9gitimement exon\u00e9r\u00e9s; une attestation de r\u00e8glement ou de dispense du r\u00e8glement de la CVEC est \u00e9galement t\u00e9l\u00e9chargeable \u00e0 partir du site\u00a0<a class=\"external-link\" href=\"http:\/\/cvec.etudiant.gouv.fr\/\" target=\"_blank\" rel=\"noopener noreferrer\">http:\/\/cvec.etudiant.gouv.fr\/<\/a>.<\/p><p class=\"p-block\">L\u2019attestation t\u00e9l\u00e9charg\u00e9e devra \u00eatre remise \u00e0 l\u2019occasion de toute inscription et\/ou adress\u00e9e dans les plus brefs d\u00e9lais afin de pouvoir valider l\u2019inscription.<\/p><p class=\"p-block\">L\u2019attestation est conserv\u00e9e par l\u2019\u00e9tablissement afin d\u2019en justifier aupr\u00e8s du Minist\u00e8re de l\u2019enseignement sup\u00e9rieur, de la recherche et de l\u2019innovation et aupr\u00e8s des rectorats et du CROUS.<\/p><\/div><\/div><\/div><\/section><section class=\"blocks-reader__fragment section-block\"><h2 class=\"h2-block\">Centre de m\u00e9diation<\/h2><div class=\"bordered-block row bordered-block--left\"><div class=\"bordered-block__cols mt-0 col col-md-8 col-lg-7\"><div class=\"bordered-block__fragment blocks-reader__fragment\"><p class=\"p-block\">CMAP<br \/>Centre de M\u00e9diation et d\u2019Arbitrage de Paris<br \/>39 avenue Franklin D. Roosevelt<br \/>75008 PARIS<br \/>T\u00e9l: +33 1 44 95 11 40 \/ Fax: +33 1 44 95 11 49<br \/><a class=\"external-link\" href=\"http:\/\/www.cmap.fr\/offre\/un-consommateur\/\" target=\"_blank\" rel=\"noopener noreferrer\">http:\/\/www.cmap.fr\/offre\/un-consommateur\/<\/a><\/p><p class=\"p-block\">Le r\u00e8glement du processus de m\u00e9diation de la consommation est consultable \u00e0 l\u2019adresse suivante :\u00a0<a class=\"external-link\" href=\"http:\/\/www.cmap.fr\/le-cmap\/nous-saisir\/nous-saisir-en-mediation-de-la-consommation-2\/precisions-sur-la-mediation-de-la-consommation\/\" target=\"_blank\" rel=\"noopener noreferrer\">http:\/\/www.cmap.fr\/le-cmap\/nous-saisir\/nous-saisir-en-mediation-de-la-consommation-2\/precisions-sur-la-mediation-de-la-consommation\/<\/a><\/p><\/div><\/div><\/div><\/section>\t\t\t\t\t\t\t\t<\/div>\n\t\t\t\t<\/div>\n\t\t\t\t\t<\/div>\n\t\t<\/div>\n\t\t\t\t\t<\/div>\n\t\t<\/section>\n\t\t\t\t<\/div>\n\t\t","protected":false},"excerpt":{"rendered":"<p>Soci\u00e9t\u00e9 M\u00e9disup Sciences est une classe pr\u00e9paratoire priv\u00e9e aux concours de sant\u00e9 enregistr\u00e9e aupr\u00e8s du rectorat de Paris, situ\u00e9 1 rue Castex 75004 Paris et joignable \u00e0 l\u2019adresse \u00e9lectronique suivante\u00a0secretariat@medisup.com\u00a0ou [&hellip;]<\/p>\n","protected":false},"author":1,"featured_media":641,"parent":0,"menu_order":0,"comment_status":"closed","ping_status":"closed","template":"","meta":{"footnotes":""},"class_list":["post-9","page","type-page","status-publish","has-post-thumbnail","hentry"],"yoast_head":"<!-- This site is optimized with the Yoast SEO plugin v26.6 - https:\/\/yoast.com\/wordpress\/plugins\/seo\/ -->\n<title>Conditions g\u00e9n\u00e9rales d&#039;utilisation - Cours Acc\u00e8s - La R\u00e9union<\/title>\n<meta name=\"robots\" content=\"index, follow, max-snippet:-1, max-image-preview:large, max-video-preview:-1\" \/>\n<link rel=\"canonical\" href=\"https:\/\/www.cours-acces.fr\/reunion\/conditions-generales-dutilisation\/\" \/>\n<meta property=\"og:locale\" content=\"fr_FR\" \/>\n<meta property=\"og:type\" content=\"article\" \/>\n<meta property=\"og:title\" content=\"Conditions g\u00e9n\u00e9rales d&#039;utilisation - Cours Acc\u00e8s - La R\u00e9union\" \/>\n<meta property=\"og:description\" content=\"Soci\u00e9t\u00e9 M\u00e9disup Sciences est une classe pr\u00e9paratoire priv\u00e9e aux concours de sant\u00e9 enregistr\u00e9e aupr\u00e8s du rectorat de Paris, situ\u00e9 1 rue Castex 75004 Paris et joignable \u00e0 l\u2019adresse \u00e9lectronique suivante\u00a0secretariat@medisup.com\u00a0ou [&hellip;]\" \/>\n<meta property=\"og:url\" content=\"https:\/\/www.cours-acces.fr\/reunion\/conditions-generales-dutilisation\/\" \/>\n<meta property=\"og:site_name\" content=\"Cours Acc\u00e8s - La R\u00e9union\" \/>\n<meta property=\"article:modified_time\" content=\"2023-07-05T11:59:09+00:00\" \/>\n<meta property=\"og:image\" content=\"https:\/\/www.cours-acces.fr\/reunion\/wp-content\/uploads\/sites\/3\/2023\/06\/coursacces-video-entree-batiment.jpg\" \/>\n\t<meta property=\"og:image:width\" content=\"1920\" \/>\n\t<meta property=\"og:image:height\" content=\"1080\" \/>\n\t<meta property=\"og:image:type\" content=\"image\/jpeg\" \/>\n<meta name=\"twitter:card\" content=\"summary_large_image\" \/>\n<meta name=\"twitter:label1\" content=\"Dur\u00e9e de lecture estim\u00e9e\" \/>\n\t<meta name=\"twitter:data1\" content=\"1 minute\" \/>\n<script type=\"application\/ld+json\" class=\"yoast-schema-graph\">{\"@context\":\"https:\/\/schema.org\",\"@graph\":[{\"@type\":\"WebPage\",\"@id\":\"https:\/\/www.cours-acces.fr\/reunion\/conditions-generales-dutilisation\/\",\"url\":\"https:\/\/www.cours-acces.fr\/reunion\/conditions-generales-dutilisation\/\",\"name\":\"Conditions g\u00e9n\u00e9rales d'utilisation - Cours Acc\u00e8s - La R\u00e9union\",\"isPartOf\":{\"@id\":\"https:\/\/www.cours-acces.fr\/reunion\/#website\"},\"primaryImageOfPage\":{\"@id\":\"https:\/\/www.cours-acces.fr\/reunion\/conditions-generales-dutilisation\/#primaryimage\"},\"image\":{\"@id\":\"https:\/\/www.cours-acces.fr\/reunion\/conditions-generales-dutilisation\/#primaryimage\"},\"thumbnailUrl\":\"https:\/\/www.cours-acces.fr\/reunion\/wp-content\/uploads\/sites\/3\/2023\/06\/coursacces-video-entree-batiment.jpg\",\"datePublished\":\"2023-06-08T12:05:14+00:00\",\"dateModified\":\"2023-07-05T11:59:09+00:00\",\"breadcrumb\":{\"@id\":\"https:\/\/www.cours-acces.fr\/reunion\/conditions-generales-dutilisation\/#breadcrumb\"},\"inLanguage\":\"fr-FR\",\"potentialAction\":[{\"@type\":\"ReadAction\",\"target\":[\"https:\/\/www.cours-acces.fr\/reunion\/conditions-generales-dutilisation\/\"]}]},{\"@type\":\"ImageObject\",\"inLanguage\":\"fr-FR\",\"@id\":\"https:\/\/www.cours-acces.fr\/reunion\/conditions-generales-dutilisation\/#primaryimage\",\"url\":\"https:\/\/www.cours-acces.fr\/reunion\/wp-content\/uploads\/sites\/3\/2023\/06\/coursacces-video-entree-batiment.jpg\",\"contentUrl\":\"https:\/\/www.cours-acces.fr\/reunion\/wp-content\/uploads\/sites\/3\/2023\/06\/coursacces-video-entree-batiment.jpg\",\"width\":1920,\"height\":1080},{\"@type\":\"BreadcrumbList\",\"@id\":\"https:\/\/www.cours-acces.fr\/reunion\/conditions-generales-dutilisation\/#breadcrumb\",\"itemListElement\":[{\"@type\":\"ListItem\",\"position\":1,\"name\":\"Home\",\"item\":\"https:\/\/www.cours-acces.fr\/reunion\/\"},{\"@type\":\"ListItem\",\"position\":2,\"name\":\"Conditions g\u00e9n\u00e9rales d&rsquo;utilisation\"}]},{\"@type\":\"WebSite\",\"@id\":\"https:\/\/www.cours-acces.fr\/reunion\/#website\",\"url\":\"https:\/\/www.cours-acces.fr\/reunion\/\",\"name\":\"Cours Acc\u00e8s - La R\u00e9union\",\"description\":\"La pr\u00e9paration aux concours sant\u00e9 de la R\u00e9union depuis 2004\",\"publisher\":{\"@id\":\"https:\/\/www.cours-acces.fr\/reunion\/#organization\"},\"potentialAction\":[{\"@type\":\"SearchAction\",\"target\":{\"@type\":\"EntryPoint\",\"urlTemplate\":\"https:\/\/www.cours-acces.fr\/reunion\/?s={search_term_string}\"},\"query-input\":{\"@type\":\"PropertyValueSpecification\",\"valueRequired\":true,\"valueName\":\"search_term_string\"}}],\"inLanguage\":\"fr-FR\"},{\"@type\":\"Organization\",\"@id\":\"https:\/\/www.cours-acces.fr\/reunion\/#organization\",\"name\":\"Cours Acc\u00e8s - La R\u00e9union\",\"url\":\"https:\/\/www.cours-acces.fr\/reunion\/\",\"logo\":{\"@type\":\"ImageObject\",\"inLanguage\":\"fr-FR\",\"@id\":\"https:\/\/www.cours-acces.fr\/reunion\/#\/schema\/logo\/image\/\",\"url\":\"https:\/\/www.cours-acces.fr\/reunion\/wp-content\/uploads\/sites\/3\/2023\/06\/LOGO-acces.png\",\"contentUrl\":\"https:\/\/www.cours-acces.fr\/reunion\/wp-content\/uploads\/sites\/3\/2023\/06\/LOGO-acces.png\",\"width\":1000,\"height\":442,\"caption\":\"Cours Acc\u00e8s - La R\u00e9union\"},\"image\":{\"@id\":\"https:\/\/www.cours-acces.fr\/reunion\/#\/schema\/logo\/image\/\"}}]}<\/script>\n<!-- \/ Yoast SEO plugin. -->","yoast_head_json":{"title":"Conditions g\u00e9n\u00e9rales d'utilisation - Cours Acc\u00e8s - La R\u00e9union","robots":{"index":"index","follow":"follow","max-snippet":"max-snippet:-1","max-image-preview":"max-image-preview:large","max-video-preview":"max-video-preview:-1"},"canonical":"https:\/\/www.cours-acces.fr\/reunion\/conditions-generales-dutilisation\/","og_locale":"fr_FR","og_type":"article","og_title":"Conditions g\u00e9n\u00e9rales d'utilisation - Cours Acc\u00e8s - La R\u00e9union","og_description":"Soci\u00e9t\u00e9 M\u00e9disup Sciences est une classe pr\u00e9paratoire priv\u00e9e aux concours de sant\u00e9 enregistr\u00e9e aupr\u00e8s du rectorat de Paris, situ\u00e9 1 rue Castex 75004 Paris et joignable \u00e0 l\u2019adresse \u00e9lectronique suivante\u00a0secretariat@medisup.com\u00a0ou [&hellip;]","og_url":"https:\/\/www.cours-acces.fr\/reunion\/conditions-generales-dutilisation\/","og_site_name":"Cours Acc\u00e8s - La R\u00e9union","article_modified_time":"2023-07-05T11:59:09+00:00","og_image":[{"width":1920,"height":1080,"url":"https:\/\/www.cours-acces.fr\/reunion\/wp-content\/uploads\/sites\/3\/2023\/06\/coursacces-video-entree-batiment.jpg","type":"image\/jpeg"}],"twitter_card":"summary_large_image","twitter_misc":{"Dur\u00e9e de lecture estim\u00e9e":"1 minute"},"schema":{"@context":"https:\/\/schema.org","@graph":[{"@type":"WebPage","@id":"https:\/\/www.cours-acces.fr\/reunion\/conditions-generales-dutilisation\/","url":"https:\/\/www.cours-acces.fr\/reunion\/conditions-generales-dutilisation\/","name":"Conditions g\u00e9n\u00e9rales d'utilisation - Cours Acc\u00e8s - La R\u00e9union","isPartOf":{"@id":"https:\/\/www.cours-acces.fr\/reunion\/#website"},"primaryImageOfPage":{"@id":"https:\/\/www.cours-acces.fr\/reunion\/conditions-generales-dutilisation\/#primaryimage"},"image":{"@id":"https:\/\/www.cours-acces.fr\/reunion\/conditions-generales-dutilisation\/#primaryimage"},"thumbnailUrl":"https:\/\/www.cours-acces.fr\/reunion\/wp-content\/uploads\/sites\/3\/2023\/06\/coursacces-video-entree-batiment.jpg","datePublished":"2023-06-08T12:05:14+00:00","dateModified":"2023-07-05T11:59:09+00:00","breadcrumb":{"@id":"https:\/\/www.cours-acces.fr\/reunion\/conditions-generales-dutilisation\/#breadcrumb"},"inLanguage":"fr-FR","potentialAction":[{"@type":"ReadAction","target":["https:\/\/www.cours-acces.fr\/reunion\/conditions-generales-dutilisation\/"]}]},{"@type":"ImageObject","inLanguage":"fr-FR","@id":"https:\/\/www.cours-acces.fr\/reunion\/conditions-generales-dutilisation\/#primaryimage","url":"https:\/\/www.cours-acces.fr\/reunion\/wp-content\/uploads\/sites\/3\/2023\/06\/coursacces-video-entree-batiment.jpg","contentUrl":"https:\/\/www.cours-acces.fr\/reunion\/wp-content\/uploads\/sites\/3\/2023\/06\/coursacces-video-entree-batiment.jpg","width":1920,"height":1080},{"@type":"BreadcrumbList","@id":"https:\/\/www.cours-acces.fr\/reunion\/conditions-generales-dutilisation\/#breadcrumb","itemListElement":[{"@type":"ListItem","position":1,"name":"Home","item":"https:\/\/www.cours-acces.fr\/reunion\/"},{"@type":"ListItem","position":2,"name":"Conditions g\u00e9n\u00e9rales d&rsquo;utilisation"}]},{"@type":"WebSite","@id":"https:\/\/www.cours-acces.fr\/reunion\/#website","url":"https:\/\/www.cours-acces.fr\/reunion\/","name":"Cours Acc\u00e8s - La R\u00e9union","description":"La pr\u00e9paration aux concours sant\u00e9 de la R\u00e9union depuis 2004","publisher":{"@id":"https:\/\/www.cours-acces.fr\/reunion\/#organization"},"potentialAction":[{"@type":"SearchAction","target":{"@type":"EntryPoint","urlTemplate":"https:\/\/www.cours-acces.fr\/reunion\/?s={search_term_string}"},"query-input":{"@type":"PropertyValueSpecification","valueRequired":true,"valueName":"search_term_string"}}],"inLanguage":"fr-FR"},{"@type":"Organization","@id":"https:\/\/www.cours-acces.fr\/reunion\/#organization","name":"Cours Acc\u00e8s - La R\u00e9union","url":"https:\/\/www.cours-acces.fr\/reunion\/","logo":{"@type":"ImageObject","inLanguage":"fr-FR","@id":"https:\/\/www.cours-acces.fr\/reunion\/#\/schema\/logo\/image\/","url":"https:\/\/www.cours-acces.fr\/reunion\/wp-content\/uploads\/sites\/3\/2023\/06\/LOGO-acces.png","contentUrl":"https:\/\/www.cours-acces.fr\/reunion\/wp-content\/uploads\/sites\/3\/2023\/06\/LOGO-acces.png","width":1000,"height":442,"caption":"Cours Acc\u00e8s - La R\u00e9union"},"image":{"@id":"https:\/\/www.cours-acces.fr\/reunion\/#\/schema\/logo\/image\/"}}]}},"_links":{"self":[{"href":"https:\/\/www.cours-acces.fr\/reunion\/wp-json\/wp\/v2\/pages\/9","targetHints":{"allow":["GET"]}}],"collection":[{"href":"https:\/\/www.cours-acces.fr\/reunion\/wp-json\/wp\/v2\/pages"}],"about":[{"href":"https:\/\/www.cours-acces.fr\/reunion\/wp-json\/wp\/v2\/types\/page"}],"author":[{"embeddable":true,"href":"https:\/\/www.cours-acces.fr\/reunion\/wp-json\/wp\/v2\/users\/1"}],"replies":[{"embeddable":true,"href":"https:\/\/www.cours-acces.fr\/reunion\/wp-json\/wp\/v2\/comments?post=9"}],"version-history":[{"count":4,"href":"https:\/\/www.cours-acces.fr\/reunion\/wp-json\/wp\/v2\/pages\/9\/revisions"}],"predecessor-version":[{"id":793,"href":"https:\/\/www.cours-acces.fr\/reunion\/wp-json\/wp\/v2\/pages\/9\/revisions\/793"}],"wp:featuredmedia":[{"embeddable":true,"href":"https:\/\/www.cours-acces.fr\/reunion\/wp-json\/wp\/v2\/media\/641"}],"wp:attachment":[{"href":"https:\/\/www.cours-acces.fr\/reunion\/wp-json\/wp\/v2\/media?parent=9"}],"curies":[{"name":"wp","href":"https:\/\/api.w.org\/{rel}","templated":true}]}}