{"id":74,"date":"2023-06-08T15:55:11","date_gmt":"2023-06-08T13:55:11","guid":{"rendered":"https:\/\/dev.ipesud.jack.agency\/?page_id=74"},"modified":"2024-10-04T16:07:20","modified_gmt":"2024-10-04T14:07:20","slug":"nos-programmes-de-la-1ere-a-la-pass","status":"publish","type":"page","link":"https:\/\/www.cours-acces.fr\/reunion\/nos-programmes-de-la-1ere-a-la-pass\/","title":{"rendered":"Nos programmes de la Terminale \u00e0 la PASS"},"content":{"rendered":"\t\t<div data-elementor-type=\"wp-page\" data-elementor-id=\"74\" class=\"elementor elementor-74\">\n\t\t\t\t\t\t<section class=\"elementor-section elementor-top-section elementor-element elementor-element-763a341 elementor-section-boxed elementor-section-height-default elementor-section-height-default\" data-id=\"763a341\" data-element_type=\"section\">\n\t\t\t\t\t\t<div class=\"elementor-container elementor-column-gap-default\">\n\t\t\t\t\t<div class=\"elementor-column elementor-col-100 elementor-top-column elementor-element elementor-element-f4f0a2b bg-short-accent ipesud-motif\" data-id=\"f4f0a2b\" data-element_type=\"column\">\n\t\t\t<div class=\"elementor-widget-wrap elementor-element-populated\">\n\t\t\t\t\t\t<div class=\"elementor-element elementor-element-06848f8 elementor-widget elementor-widget-heading\" data-id=\"06848f8\" data-element_type=\"widget\" data-widget_type=\"heading.default\">\n\t\t\t\t<div class=\"elementor-widget-container\">\n\t\t\t\t\t<h2 class=\"elementor-heading-title elementor-size-default\">Les programmes de pr\u00e9paration aux concours PASS\/LAS <br>du Cours Acc\u00e8s La R\u00e9union<\/h2>\t\t\t\t<\/div>\n\t\t\t\t<\/div>\n\t\t\t\t<section class=\"elementor-section elementor-inner-section elementor-element elementor-element-5da9d8f coursacces-motif elementor-section-boxed elementor-section-height-default elementor-section-height-default\" data-id=\"5da9d8f\" data-element_type=\"section\" data-settings=\"{&quot;background_background&quot;:&quot;classic&quot;}\">\n\t\t\t\t\t\t<div class=\"elementor-container elementor-column-gap-default\">\n\t\t\t\t\t<div class=\"elementor-column elementor-col-100 elementor-inner-column elementor-element elementor-element-6c6fc0f\" data-id=\"6c6fc0f\" data-element_type=\"column\">\n\t\t\t<div class=\"elementor-widget-wrap elementor-element-populated\">\n\t\t\t\t\t\t<div class=\"elementor-element elementor-element-052a742 elementor-widget elementor-widget-text-editor\" data-id=\"052a742\" data-element_type=\"widget\" data-widget_type=\"text-editor.default\">\n\t\t\t\t<div class=\"elementor-widget-container\">\n\t\t\t\t\t\t\t\t\t<p><strong class=\"cl-orange\">Vouloir int\u00e9grer une ann\u00e9e PASS \/ LAS pour exercer un m\u00e9tier de sant\u00e9 ce n&rsquo;est pas juste une orientation c&rsquo;est une vocation !\u00a0<\/strong><\/p><p><span style=\"font-weight: 400;\">Depuis 1981, nous mettons notre savoir-faire et notre m\u00e9thode en am\u00e9liorant continuellement nos programmes afin de proposer \u00e0 nos \u00e9l\u00e8ves un accompagnement optimum d\u00e8s la terminale jusqu&rsquo;aux concours et m\u00eame apr\u00e8s car notre suivi annuel inclut la pr\u00e9paration aux oraux.<\/span><\/p>\t\t\t\t\t\t\t\t<\/div>\n\t\t\t\t<\/div>\n\t\t\t\t\t<\/div>\n\t\t<\/div>\n\t\t\t\t\t<\/div>\n\t\t<\/section>\n\t\t\t\t\t<\/div>\n\t\t<\/div>\n\t\t\t\t\t<\/div>\n\t\t<\/section>\n\t\t\t\t<section class=\"elementor-section elementor-top-section elementor-element elementor-element-3e48f3a elementor-reverse-mobile elementor-section-boxed elementor-section-height-default elementor-section-height-default\" data-id=\"3e48f3a\" data-element_type=\"section\">\n\t\t\t\t\t\t<div class=\"elementor-container elementor-column-gap-default\">\n\t\t\t\t\t<div class=\"elementor-column elementor-col-50 elementor-top-column elementor-element elementor-element-089974d\" data-id=\"089974d\" data-element_type=\"column\" data-settings=\"{&quot;background_background&quot;:&quot;classic&quot;}\">\n\t\t\t<div class=\"elementor-widget-wrap elementor-element-populated\">\n\t\t\t\t\t\t<div class=\"elementor-element elementor-element-f0ff369 elementor-widget elementor-widget-text-editor\" data-id=\"f0ff369\" data-element_type=\"widget\" data-widget_type=\"text-editor.default\">\n\t\t\t\t<div class=\"elementor-widget-container\">\n\t\t\t\t\t\t\t\t\t<h2>La Terminale Sant\u00e9<\/h2>\t\t\t\t\t\t\t\t<\/div>\n\t\t\t\t<\/div>\n\t\t\t\t<div class=\"elementor-element elementor-element-51f6075 elementor-widget elementor-widget-text-editor\" data-id=\"51f6075\" data-element_type=\"widget\" data-widget_type=\"text-editor.default\">\n\t\t\t\t<div class=\"elementor-widget-container\">\n\t\t\t\t\t\t\t\t\t<p><span style=\"font-weight: 400;\">Choisir la Terminale Sant\u00e9 c&rsquo;est prendre une avance significative sur son ann\u00e9e PASS pour arriver \u00e0 la rentr\u00e9e en ayant anticip\u00e9 l&rsquo;apprentissage de toutes les mati\u00e8res scientifiques et m\u00e9dicales.&nbsp;<\/span><\/p><p><span style=\"font-weight: 400;\">En 2022, c&rsquo;est +47% de re\u00e7us en plus que les \u00e9tudiants n&rsquo;ayant pas suivi les stages de pr\u00e9paration PASS pendant leur ann\u00e9e de terminale.<\/span><\/p>\t\t\t\t\t\t\t\t<\/div>\n\t\t\t\t<\/div>\n\t\t\t\t<div class=\"elementor-element elementor-element-70dfada elementor-widget elementor-widget-button\" data-id=\"70dfada\" data-element_type=\"widget\" data-widget_type=\"button.default\">\n\t\t\t\t<div class=\"elementor-widget-container\">\n\t\t\t\t\t\t\t\t\t<div class=\"elementor-button-wrapper\">\n\t\t\t\t\t<a class=\"elementor-button elementor-button-link elementor-size-sm\" href=\"https:\/\/www.cours-acces.fr\/reunion\/nos-programmes-de-la-1ere-a-la-pass\/terminale-sante\/\">\n\t\t\t\t\t\t<span class=\"elementor-button-content-wrapper\">\n\t\t\t\t\t\t\t\t\t<span class=\"elementor-button-text\">D\u00e9couvrir<\/span>\n\t\t\t\t\t<\/span>\n\t\t\t\t\t<\/a>\n\t\t\t\t<\/div>\n\t\t\t\t\t\t\t\t<\/div>\n\t\t\t\t<\/div>\n\t\t\t\t\t<\/div>\n\t\t<\/div>\n\t\t\t\t<div class=\"elementor-column elementor-col-50 elementor-top-column elementor-element elementor-element-1322260\" data-id=\"1322260\" data-element_type=\"column\" data-settings=\"{&quot;background_background&quot;:&quot;classic&quot;}\">\n\t\t\t<div class=\"elementor-widget-wrap elementor-element-populated\">\n\t\t\t\t\t\t<div class=\"elementor-element elementor-element-a894a30 elementor-widget elementor-widget-spacer\" data-id=\"a894a30\" data-element_type=\"widget\" data-widget_type=\"spacer.default\">\n\t\t\t\t<div class=\"elementor-widget-container\">\n\t\t\t\t\t\t\t<div class=\"elementor-spacer\">\n\t\t\t<div class=\"elementor-spacer-inner\"><\/div>\n\t\t<\/div>\n\t\t\t\t\t\t<\/div>\n\t\t\t\t<\/div>\n\t\t\t\t\t<\/div>\n\t\t<\/div>\n\t\t\t\t\t<\/div>\n\t\t<\/section>\n\t\t\t\t<section class=\"elementor-section elementor-top-section elementor-element elementor-element-9ae3099 elementor-section-boxed elementor-section-height-default elementor-section-height-default\" data-id=\"9ae3099\" data-element_type=\"section\">\n\t\t\t\t\t\t<div class=\"elementor-container elementor-column-gap-default\">\n\t\t\t\t\t<div class=\"elementor-column elementor-col-50 elementor-top-column elementor-element elementor-element-d9a5b14\" data-id=\"d9a5b14\" data-element_type=\"column\" data-settings=\"{&quot;background_background&quot;:&quot;classic&quot;}\">\n\t\t\t<div class=\"elementor-widget-wrap elementor-element-populated\">\n\t\t\t\t\t\t<div class=\"elementor-element elementor-element-604dce4 elementor-widget elementor-widget-spacer\" data-id=\"604dce4\" data-element_type=\"widget\" data-widget_type=\"spacer.default\">\n\t\t\t\t<div class=\"elementor-widget-container\">\n\t\t\t\t\t\t\t<div class=\"elementor-spacer\">\n\t\t\t<div class=\"elementor-spacer-inner\"><\/div>\n\t\t<\/div>\n\t\t\t\t\t\t<\/div>\n\t\t\t\t<\/div>\n\t\t\t\t\t<\/div>\n\t\t<\/div>\n\t\t\t\t<div class=\"elementor-column elementor-col-50 elementor-top-column elementor-element elementor-element-35b9cd1\" data-id=\"35b9cd1\" data-element_type=\"column\" data-settings=\"{&quot;background_background&quot;:&quot;classic&quot;}\">\n\t\t\t<div class=\"elementor-widget-wrap elementor-element-populated\">\n\t\t\t\t\t\t<div class=\"elementor-element elementor-element-95b4038 elementor-widget elementor-widget-text-editor\" data-id=\"95b4038\" data-element_type=\"widget\" data-widget_type=\"text-editor.default\">\n\t\t\t\t<div class=\"elementor-widget-container\">\n\t\t\t\t\t\t\t\t\t<h2>La pr\u00e9-rentr\u00e9e universitaire<\/h2>\t\t\t\t\t\t\t\t<\/div>\n\t\t\t\t<\/div>\n\t\t\t\t<div class=\"elementor-element elementor-element-dfc134f elementor-widget elementor-widget-text-editor\" data-id=\"dfc134f\" data-element_type=\"widget\" data-widget_type=\"text-editor.default\">\n\t\t\t\t<div class=\"elementor-widget-container\">\n\t\t\t\t\t\t\t\t\t<p><span style=\"font-weight: 400;\">La pr\u00e9-rentr\u00e9e est un indispensable pour tout \u00e9tudiant souhaitant int\u00e9grer la pr\u00e9paration \u00e0 l\u2019ann\u00e9e\u00a0 PASS car les cours d\u00e9butent environ 15 jours avant la rentr\u00e9e universitaire<\/span><\/p>\t\t\t\t\t\t\t\t<\/div>\n\t\t\t\t<\/div>\n\t\t\t\t<div class=\"elementor-element elementor-element-4619a81 elementor-widget elementor-widget-button\" data-id=\"4619a81\" data-element_type=\"widget\" data-widget_type=\"button.default\">\n\t\t\t\t<div class=\"elementor-widget-container\">\n\t\t\t\t\t\t\t\t\t<div class=\"elementor-button-wrapper\">\n\t\t\t\t\t<a class=\"elementor-button elementor-button-link elementor-size-sm\" href=\"https:\/\/www.cours-acces.fr\/reunion\/nos-programmes-de-la-1ere-a-la-pass\/pre-rentree-universitaire\/\">\n\t\t\t\t\t\t<span class=\"elementor-button-content-wrapper\">\n\t\t\t\t\t\t\t\t\t<span class=\"elementor-button-text\">D\u00e9couvrir<\/span>\n\t\t\t\t\t<\/span>\n\t\t\t\t\t<\/a>\n\t\t\t\t<\/div>\n\t\t\t\t\t\t\t\t<\/div>\n\t\t\t\t<\/div>\n\t\t\t\t\t<\/div>\n\t\t<\/div>\n\t\t\t\t\t<\/div>\n\t\t<\/section>\n\t\t\t\t<section class=\"elementor-section elementor-top-section elementor-element elementor-element-e252bd2 elementor-reverse-mobile elementor-section-boxed elementor-section-height-default elementor-section-height-default\" data-id=\"e252bd2\" data-element_type=\"section\">\n\t\t\t\t\t\t<div class=\"elementor-container elementor-column-gap-default\">\n\t\t\t\t\t<div class=\"elementor-column elementor-col-50 elementor-top-column elementor-element elementor-element-f74e16f\" data-id=\"f74e16f\" data-element_type=\"column\" data-settings=\"{&quot;background_background&quot;:&quot;classic&quot;}\">\n\t\t\t<div class=\"elementor-widget-wrap elementor-element-populated\">\n\t\t\t\t\t\t<div class=\"elementor-element elementor-element-a9745c4 elementor-widget elementor-widget-text-editor\" data-id=\"a9745c4\" data-element_type=\"widget\" data-widget_type=\"text-editor.default\">\n\t\t\t\t<div class=\"elementor-widget-container\">\n\t\t\t\t\t\t\t\t\t<h2>Le suivi annuel PASS<\/h2>\t\t\t\t\t\t\t\t<\/div>\n\t\t\t\t<\/div>\n\t\t\t\t<div class=\"elementor-element elementor-element-7e42b64 elementor-widget elementor-widget-text-editor\" data-id=\"7e42b64\" data-element_type=\"widget\" data-widget_type=\"text-editor.default\">\n\t\t\t\t<div class=\"elementor-widget-container\">\n\t\t\t\t\t\t\t\t\t<p><span style=\"font-weight: 400;\">L&rsquo;objectif du\u00a0 suivi annuel au Cours Acc\u00e8s c\u2019est que nos \u00e9tudiants ne pensent \u00e0 rien d\u2019autre qu\u2019\u00eatre \u00e0 100%\u00a0 sur la m\u00e9morisation des cours, nous nous occupons du reste !<\/span><\/p>\t\t\t\t\t\t\t\t<\/div>\n\t\t\t\t<\/div>\n\t\t\t\t<div class=\"elementor-element elementor-element-6017c96 elementor-widget elementor-widget-button\" data-id=\"6017c96\" data-element_type=\"widget\" data-widget_type=\"button.default\">\n\t\t\t\t<div class=\"elementor-widget-container\">\n\t\t\t\t\t\t\t\t\t<div class=\"elementor-button-wrapper\">\n\t\t\t\t\t<a class=\"elementor-button elementor-button-link elementor-size-sm\" href=\"https:\/\/www.cours-acces.fr\/reunion\/nos-programmes-de-la-1ere-a-la-pass\/pass\/\">\n\t\t\t\t\t\t<span class=\"elementor-button-content-wrapper\">\n\t\t\t\t\t\t\t\t\t<span class=\"elementor-button-text\">D\u00e9couvrir<\/span>\n\t\t\t\t\t<\/span>\n\t\t\t\t\t<\/a>\n\t\t\t\t<\/div>\n\t\t\t\t\t\t\t\t<\/div>\n\t\t\t\t<\/div>\n\t\t\t\t\t<\/div>\n\t\t<\/div>\n\t\t\t\t<div class=\"elementor-column elementor-col-50 elementor-top-column elementor-element elementor-element-f15ee6e\" data-id=\"f15ee6e\" data-element_type=\"column\" data-settings=\"{&quot;background_background&quot;:&quot;classic&quot;}\">\n\t\t\t<div class=\"elementor-widget-wrap elementor-element-populated\">\n\t\t\t\t\t\t<div class=\"elementor-element elementor-element-7f3e62d elementor-widget elementor-widget-spacer\" data-id=\"7f3e62d\" data-element_type=\"widget\" data-widget_type=\"spacer.default\">\n\t\t\t\t<div class=\"elementor-widget-container\">\n\t\t\t\t\t\t\t<div class=\"elementor-spacer\">\n\t\t\t<div class=\"elementor-spacer-inner\"><\/div>\n\t\t<\/div>\n\t\t\t\t\t\t<\/div>\n\t\t\t\t<\/div>\n\t\t\t\t\t<\/div>\n\t\t<\/div>\n\t\t\t\t\t<\/div>\n\t\t<\/section>\n\t\t\t\t<\/div>\n\t\t","protected":false},"excerpt":{"rendered":"<p>Les programmes de pr\u00e9paration aux concours PASS\/LAS du Cours Acc\u00e8s La R\u00e9union Vouloir int\u00e9grer une ann\u00e9e PASS \/ LAS pour exercer un m\u00e9tier de sant\u00e9 ce n&rsquo;est pas juste une [&hellip;]<\/p>\n","protected":false},"author":1,"featured_media":1611,"parent":0,"menu_order":0,"comment_status":"closed","ping_status":"closed","template":"","meta":{"footnotes":""},"class_list":["post-74","page","type-page","status-publish","has-post-thumbnail","hentry"],"yoast_head":"<!-- This site is optimized with the Yoast SEO plugin v26.6 - https:\/\/yoast.com\/wordpress\/plugins\/seo\/ -->\n<title>Nos programmes de la Terminale \u00e0 la PASS - Cours Acc\u00e8s - La R\u00e9union<\/title>\n<meta name=\"robots\" content=\"index, follow, max-snippet:-1, max-image-preview:large, max-video-preview:-1\" \/>\n<link rel=\"canonical\" href=\"https:\/\/www.cours-acces.fr\/reunion\/nos-programmes-de-la-1ere-a-la-pass\/\" \/>\n<meta property=\"og:locale\" content=\"fr_FR\" \/>\n<meta property=\"og:type\" content=\"article\" \/>\n<meta property=\"og:title\" content=\"Nos programmes de la Terminale \u00e0 la PASS - Cours Acc\u00e8s - La R\u00e9union\" \/>\n<meta property=\"og:description\" content=\"Les programmes de pr\u00e9paration aux concours PASS\/LAS du Cours Acc\u00e8s La R\u00e9union Vouloir int\u00e9grer une ann\u00e9e PASS \/ LAS pour exercer un m\u00e9tier de sant\u00e9 ce n&rsquo;est pas juste une [&hellip;]\" \/>\n<meta property=\"og:url\" content=\"https:\/\/www.cours-acces.fr\/reunion\/nos-programmes-de-la-1ere-a-la-pass\/\" \/>\n<meta property=\"og:site_name\" content=\"Cours Acc\u00e8s - La R\u00e9union\" \/>\n<meta property=\"article:modified_time\" content=\"2024-10-04T14:07:20+00:00\" \/>\n<meta property=\"og:image\" content=\"https:\/\/www.cours-acces.fr\/reunion\/wp-content\/uploads\/sites\/3\/2024\/10\/Couverture-site-Cours-Acces-1.jpg\" \/>\n\t<meta property=\"og:image:width\" content=\"1366\" \/>\n\t<meta property=\"og:image:height\" content=\"768\" \/>\n\t<meta property=\"og:image:type\" content=\"image\/jpeg\" \/>\n<meta name=\"twitter:card\" content=\"summary_large_image\" \/>\n<meta name=\"twitter:label1\" content=\"Dur\u00e9e de lecture estim\u00e9e\" \/>\n\t<meta name=\"twitter:data1\" content=\"1 minute\" \/>\n<script type=\"application\/ld+json\" class=\"yoast-schema-graph\">{\"@context\":\"https:\/\/schema.org\",\"@graph\":[{\"@type\":\"WebPage\",\"@id\":\"https:\/\/www.cours-acces.fr\/reunion\/nos-programmes-de-la-1ere-a-la-pass\/\",\"url\":\"https:\/\/www.cours-acces.fr\/reunion\/nos-programmes-de-la-1ere-a-la-pass\/\",\"name\":\"Nos programmes de la Terminale \u00e0 la PASS - Cours Acc\u00e8s - La R\u00e9union\",\"isPartOf\":{\"@id\":\"https:\/\/www.cours-acces.fr\/reunion\/#website\"},\"primaryImageOfPage\":{\"@id\":\"https:\/\/www.cours-acces.fr\/reunion\/nos-programmes-de-la-1ere-a-la-pass\/#primaryimage\"},\"image\":{\"@id\":\"https:\/\/www.cours-acces.fr\/reunion\/nos-programmes-de-la-1ere-a-la-pass\/#primaryimage\"},\"thumbnailUrl\":\"https:\/\/www.cours-acces.fr\/reunion\/wp-content\/uploads\/sites\/3\/2024\/10\/Couverture-site-Cours-Acces-1.jpg\",\"datePublished\":\"2023-06-08T13:55:11+00:00\",\"dateModified\":\"2024-10-04T14:07:20+00:00\",\"breadcrumb\":{\"@id\":\"https:\/\/www.cours-acces.fr\/reunion\/nos-programmes-de-la-1ere-a-la-pass\/#breadcrumb\"},\"inLanguage\":\"fr-FR\",\"potentialAction\":[{\"@type\":\"ReadAction\",\"target\":[\"https:\/\/www.cours-acces.fr\/reunion\/nos-programmes-de-la-1ere-a-la-pass\/\"]}]},{\"@type\":\"ImageObject\",\"inLanguage\":\"fr-FR\",\"@id\":\"https:\/\/www.cours-acces.fr\/reunion\/nos-programmes-de-la-1ere-a-la-pass\/#primaryimage\",\"url\":\"https:\/\/www.cours-acces.fr\/reunion\/wp-content\/uploads\/sites\/3\/2024\/10\/Couverture-site-Cours-Acces-1.jpg\",\"contentUrl\":\"https:\/\/www.cours-acces.fr\/reunion\/wp-content\/uploads\/sites\/3\/2024\/10\/Couverture-site-Cours-Acces-1.jpg\",\"width\":1366,\"height\":768,\"caption\":\"Couverture Site Cours Acc\u00e8s\"},{\"@type\":\"BreadcrumbList\",\"@id\":\"https:\/\/www.cours-acces.fr\/reunion\/nos-programmes-de-la-1ere-a-la-pass\/#breadcrumb\",\"itemListElement\":[{\"@type\":\"ListItem\",\"position\":1,\"name\":\"Home\",\"item\":\"https:\/\/www.cours-acces.fr\/reunion\/\"},{\"@type\":\"ListItem\",\"position\":2,\"name\":\"Nos programmes de la Terminale \u00e0 la PASS\"}]},{\"@type\":\"WebSite\",\"@id\":\"https:\/\/www.cours-acces.fr\/reunion\/#website\",\"url\":\"https:\/\/www.cours-acces.fr\/reunion\/\",\"name\":\"Cours Acc\u00e8s - La R\u00e9union\",\"description\":\"La pr\u00e9paration aux concours sant\u00e9 de la R\u00e9union depuis 2004\",\"publisher\":{\"@id\":\"https:\/\/www.cours-acces.fr\/reunion\/#organization\"},\"potentialAction\":[{\"@type\":\"SearchAction\",\"target\":{\"@type\":\"EntryPoint\",\"urlTemplate\":\"https:\/\/www.cours-acces.fr\/reunion\/?s={search_term_string}\"},\"query-input\":{\"@type\":\"PropertyValueSpecification\",\"valueRequired\":true,\"valueName\":\"search_term_string\"}}],\"inLanguage\":\"fr-FR\"},{\"@type\":\"Organization\",\"@id\":\"https:\/\/www.cours-acces.fr\/reunion\/#organization\",\"name\":\"Cours Acc\u00e8s - La R\u00e9union\",\"url\":\"https:\/\/www.cours-acces.fr\/reunion\/\",\"logo\":{\"@type\":\"ImageObject\",\"inLanguage\":\"fr-FR\",\"@id\":\"https:\/\/www.cours-acces.fr\/reunion\/#\/schema\/logo\/image\/\",\"url\":\"https:\/\/www.cours-acces.fr\/reunion\/wp-content\/uploads\/sites\/3\/2023\/06\/LOGO-acces.png\",\"contentUrl\":\"https:\/\/www.cours-acces.fr\/reunion\/wp-content\/uploads\/sites\/3\/2023\/06\/LOGO-acces.png\",\"width\":1000,\"height\":442,\"caption\":\"Cours Acc\u00e8s - La R\u00e9union\"},\"image\":{\"@id\":\"https:\/\/www.cours-acces.fr\/reunion\/#\/schema\/logo\/image\/\"}}]}<\/script>\n<!-- \/ Yoast SEO plugin. -->","yoast_head_json":{"title":"Nos programmes de la Terminale \u00e0 la PASS - Cours Acc\u00e8s - La R\u00e9union","robots":{"index":"index","follow":"follow","max-snippet":"max-snippet:-1","max-image-preview":"max-image-preview:large","max-video-preview":"max-video-preview:-1"},"canonical":"https:\/\/www.cours-acces.fr\/reunion\/nos-programmes-de-la-1ere-a-la-pass\/","og_locale":"fr_FR","og_type":"article","og_title":"Nos programmes de la Terminale \u00e0 la PASS - Cours Acc\u00e8s - La R\u00e9union","og_description":"Les programmes de pr\u00e9paration aux concours PASS\/LAS du Cours Acc\u00e8s La R\u00e9union Vouloir int\u00e9grer une ann\u00e9e PASS \/ LAS pour exercer un m\u00e9tier de sant\u00e9 ce n&rsquo;est pas juste une [&hellip;]","og_url":"https:\/\/www.cours-acces.fr\/reunion\/nos-programmes-de-la-1ere-a-la-pass\/","og_site_name":"Cours Acc\u00e8s - La R\u00e9union","article_modified_time":"2024-10-04T14:07:20+00:00","og_image":[{"width":1366,"height":768,"url":"https:\/\/www.cours-acces.fr\/reunion\/wp-content\/uploads\/sites\/3\/2024\/10\/Couverture-site-Cours-Acces-1.jpg","type":"image\/jpeg"}],"twitter_card":"summary_large_image","twitter_misc":{"Dur\u00e9e de lecture estim\u00e9e":"1 minute"},"schema":{"@context":"https:\/\/schema.org","@graph":[{"@type":"WebPage","@id":"https:\/\/www.cours-acces.fr\/reunion\/nos-programmes-de-la-1ere-a-la-pass\/","url":"https:\/\/www.cours-acces.fr\/reunion\/nos-programmes-de-la-1ere-a-la-pass\/","name":"Nos programmes de la Terminale \u00e0 la PASS - Cours Acc\u00e8s - La R\u00e9union","isPartOf":{"@id":"https:\/\/www.cours-acces.fr\/reunion\/#website"},"primaryImageOfPage":{"@id":"https:\/\/www.cours-acces.fr\/reunion\/nos-programmes-de-la-1ere-a-la-pass\/#primaryimage"},"image":{"@id":"https:\/\/www.cours-acces.fr\/reunion\/nos-programmes-de-la-1ere-a-la-pass\/#primaryimage"},"thumbnailUrl":"https:\/\/www.cours-acces.fr\/reunion\/wp-content\/uploads\/sites\/3\/2024\/10\/Couverture-site-Cours-Acces-1.jpg","datePublished":"2023-06-08T13:55:11+00:00","dateModified":"2024-10-04T14:07:20+00:00","breadcrumb":{"@id":"https:\/\/www.cours-acces.fr\/reunion\/nos-programmes-de-la-1ere-a-la-pass\/#breadcrumb"},"inLanguage":"fr-FR","potentialAction":[{"@type":"ReadAction","target":["https:\/\/www.cours-acces.fr\/reunion\/nos-programmes-de-la-1ere-a-la-pass\/"]}]},{"@type":"ImageObject","inLanguage":"fr-FR","@id":"https:\/\/www.cours-acces.fr\/reunion\/nos-programmes-de-la-1ere-a-la-pass\/#primaryimage","url":"https:\/\/www.cours-acces.fr\/reunion\/wp-content\/uploads\/sites\/3\/2024\/10\/Couverture-site-Cours-Acces-1.jpg","contentUrl":"https:\/\/www.cours-acces.fr\/reunion\/wp-content\/uploads\/sites\/3\/2024\/10\/Couverture-site-Cours-Acces-1.jpg","width":1366,"height":768,"caption":"Couverture Site Cours Acc\u00e8s"},{"@type":"BreadcrumbList","@id":"https:\/\/www.cours-acces.fr\/reunion\/nos-programmes-de-la-1ere-a-la-pass\/#breadcrumb","itemListElement":[{"@type":"ListItem","position":1,"name":"Home","item":"https:\/\/www.cours-acces.fr\/reunion\/"},{"@type":"ListItem","position":2,"name":"Nos programmes de la Terminale \u00e0 la PASS"}]},{"@type":"WebSite","@id":"https:\/\/www.cours-acces.fr\/reunion\/#website","url":"https:\/\/www.cours-acces.fr\/reunion\/","name":"Cours Acc\u00e8s - La R\u00e9union","description":"La pr\u00e9paration aux concours sant\u00e9 de la R\u00e9union depuis 2004","publisher":{"@id":"https:\/\/www.cours-acces.fr\/reunion\/#organization"},"potentialAction":[{"@type":"SearchAction","target":{"@type":"EntryPoint","urlTemplate":"https:\/\/www.cours-acces.fr\/reunion\/?s={search_term_string}"},"query-input":{"@type":"PropertyValueSpecification","valueRequired":true,"valueName":"search_term_string"}}],"inLanguage":"fr-FR"},{"@type":"Organization","@id":"https:\/\/www.cours-acces.fr\/reunion\/#organization","name":"Cours Acc\u00e8s - La R\u00e9union","url":"https:\/\/www.cours-acces.fr\/reunion\/","logo":{"@type":"ImageObject","inLanguage":"fr-FR","@id":"https:\/\/www.cours-acces.fr\/reunion\/#\/schema\/logo\/image\/","url":"https:\/\/www.cours-acces.fr\/reunion\/wp-content\/uploads\/sites\/3\/2023\/06\/LOGO-acces.png","contentUrl":"https:\/\/www.cours-acces.fr\/reunion\/wp-content\/uploads\/sites\/3\/2023\/06\/LOGO-acces.png","width":1000,"height":442,"caption":"Cours Acc\u00e8s - La R\u00e9union"},"image":{"@id":"https:\/\/www.cours-acces.fr\/reunion\/#\/schema\/logo\/image\/"}}]}},"_links":{"self":[{"href":"https:\/\/www.cours-acces.fr\/reunion\/wp-json\/wp\/v2\/pages\/74","targetHints":{"allow":["GET"]}}],"collection":[{"href":"https:\/\/www.cours-acces.fr\/reunion\/wp-json\/wp\/v2\/pages"}],"about":[{"href":"https:\/\/www.cours-acces.fr\/reunion\/wp-json\/wp\/v2\/types\/page"}],"author":[{"embeddable":true,"href":"https:\/\/www.cours-acces.fr\/reunion\/wp-json\/wp\/v2\/users\/1"}],"replies":[{"embeddable":true,"href":"https:\/\/www.cours-acces.fr\/reunion\/wp-json\/wp\/v2\/comments?post=74"}],"version-history":[{"count":63,"href":"https:\/\/www.cours-acces.fr\/reunion\/wp-json\/wp\/v2\/pages\/74\/revisions"}],"predecessor-version":[{"id":1621,"href":"https:\/\/www.cours-acces.fr\/reunion\/wp-json\/wp\/v2\/pages\/74\/revisions\/1621"}],"wp:featuredmedia":[{"embeddable":true,"href":"https:\/\/www.cours-acces.fr\/reunion\/wp-json\/wp\/v2\/media\/1611"}],"wp:attachment":[{"href":"https:\/\/www.cours-acces.fr\/reunion\/wp-json\/wp\/v2\/media?parent=74"}],"curies":[{"name":"wp","href":"https:\/\/api.w.org\/{rel}","templated":true}]}}