{"id":66,"date":"2023-06-08T15:53:02","date_gmt":"2023-06-08T13:53:02","guid":{"rendered":"https:\/\/dev.ipesud.jack.agency\/?page_id=66"},"modified":"2023-08-29T15:38:26","modified_gmt":"2023-08-29T13:38:26","slug":"notre-equipe","status":"publish","type":"page","link":"https:\/\/www.cours-acces.fr\/reunion\/la-prepa\/notre-equipe\/","title":{"rendered":"Notre \u00e9quipe"},"content":{"rendered":"\t\t<div data-elementor-type=\"wp-page\" data-elementor-id=\"66\" class=\"elementor elementor-66\">\n\t\t\t\t\t\t<section class=\"elementor-section elementor-top-section elementor-element elementor-element-23f4823 coursacces-motif elementor-section-boxed elementor-section-height-default elementor-section-height-default\" data-id=\"23f4823\" data-element_type=\"section\">\n\t\t\t\t\t\t<div class=\"elementor-container elementor-column-gap-default\">\n\t\t\t\t\t<div class=\"elementor-column elementor-col-100 elementor-top-column elementor-element elementor-element-bbbbc39 bg-block-accent\" data-id=\"bbbbc39\" data-element_type=\"column\">\n\t\t\t<div class=\"elementor-widget-wrap elementor-element-populated\">\n\t\t\t\t\t\t<div class=\"elementor-element elementor-element-eedbb6a elementor-widget elementor-widget-text-editor\" data-id=\"eedbb6a\" data-element_type=\"widget\" data-widget_type=\"text-editor.default\">\n\t\t\t\t<div class=\"elementor-widget-container\">\n\t\t\t\t\t\t\t\t\t<h2>L&rsquo;\u00e9quipe de direction<\/h2><p><span class=\"headline-cat\" style=\"color: #fff;\">disponible 5j\/7 pour accompagner les \u00e9l\u00e8ves au quotidien toute l\u2019ann\u00e9e<\/span><\/p>\t\t\t\t\t\t\t\t<\/div>\n\t\t\t\t<\/div>\n\t\t\t\t<section class=\"elementor-section elementor-inner-section elementor-element elementor-element-62e9529 elementor-section-boxed elementor-section-height-default elementor-section-height-default\" data-id=\"62e9529\" data-element_type=\"section\">\n\t\t\t\t\t\t<div class=\"elementor-container elementor-column-gap-default\">\n\t\t\t\t\t<div class=\"elementor-column elementor-col-33 elementor-inner-column elementor-element elementor-element-9b90472\" data-id=\"9b90472\" data-element_type=\"column\" data-settings=\"{&quot;background_background&quot;:&quot;classic&quot;}\">\n\t\t\t<div class=\"elementor-widget-wrap elementor-element-populated\">\n\t\t\t\t\t\t<div class=\"elementor-element elementor-element-308c684 elementor-widget elementor-widget-image\" data-id=\"308c684\" data-element_type=\"widget\" data-widget_type=\"image.default\">\n\t\t\t\t<div class=\"elementor-widget-container\">\n\t\t\t\t\t\t\t\t\t\t\t\t\t\t\t<img fetchpriority=\"high\" decoding=\"async\" width=\"1021\" height=\"1024\" src=\"https:\/\/www.cours-acces.fr\/reunion\/wp-content\/uploads\/sites\/3\/2023\/06\/julie-remus-borel.jpg\" class=\"attachment-large size-large wp-image-534\" alt=\"Julie R\u00e9mus-Borel\" \/>\t\t\t\t\t\t\t\t\t\t\t\t\t\t\t<\/div>\n\t\t\t\t<\/div>\n\t\t\t\t<div class=\"elementor-element elementor-element-984e563 elementor-widget elementor-widget-text-editor\" data-id=\"984e563\" data-element_type=\"widget\" data-widget_type=\"text-editor.default\">\n\t\t\t\t<div class=\"elementor-widget-container\">\n\t\t\t\t\t\t\t\t\t<h4><strong>Julie R\u00e9mus-Borel<\/strong><\/h4><p>Directrice d&rsquo;\u00e9tablissement<\/p>\t\t\t\t\t\t\t\t<\/div>\n\t\t\t\t<\/div>\n\t\t\t\t\t<\/div>\n\t\t<\/div>\n\t\t\t\t<div class=\"elementor-column elementor-col-33 elementor-inner-column elementor-element elementor-element-9550537\" data-id=\"9550537\" data-element_type=\"column\" data-settings=\"{&quot;background_background&quot;:&quot;classic&quot;}\">\n\t\t\t<div class=\"elementor-widget-wrap elementor-element-populated\">\n\t\t\t\t\t\t<div class=\"elementor-element elementor-element-8e3840c elementor-widget elementor-widget-image\" data-id=\"8e3840c\" data-element_type=\"widget\" data-widget_type=\"image.default\">\n\t\t\t\t<div class=\"elementor-widget-container\">\n\t\t\t\t\t\t\t\t\t\t\t\t\t\t\t<img decoding=\"async\" width=\"606\" height=\"743\" src=\"https:\/\/www.cours-acces.fr\/reunion\/wp-content\/uploads\/sites\/3\/2023\/06\/maxence-vennat.jpg\" class=\"attachment-large size-large wp-image-613\" alt=\"\" \/>\t\t\t\t\t\t\t\t\t\t\t\t\t\t\t<\/div>\n\t\t\t\t<\/div>\n\t\t\t\t<div class=\"elementor-element elementor-element-f1da07d elementor-widget elementor-widget-text-editor\" data-id=\"f1da07d\" data-element_type=\"widget\" data-widget_type=\"text-editor.default\">\n\t\t\t\t<div class=\"elementor-widget-container\">\n\t\t\t\t\t\t\t\t\t<h4><strong>Maxence Vennat<\/strong><\/h4><p>Responsable p\u00e9dagogique et professeur de chimie<\/p>\t\t\t\t\t\t\t\t<\/div>\n\t\t\t\t<\/div>\n\t\t\t\t\t<\/div>\n\t\t<\/div>\n\t\t\t\t<div class=\"elementor-column elementor-col-33 elementor-inner-column elementor-element elementor-element-74b33ee\" data-id=\"74b33ee\" data-element_type=\"column\" data-settings=\"{&quot;background_background&quot;:&quot;classic&quot;}\">\n\t\t\t<div class=\"elementor-widget-wrap\">\n\t\t\t\t\t\t\t<\/div>\n\t\t<\/div>\n\t\t\t\t\t<\/div>\n\t\t<\/section>\n\t\t\t\t\t<\/div>\n\t\t<\/div>\n\t\t\t\t\t<\/div>\n\t\t<\/section>\n\t\t\t\t<section class=\"elementor-section elementor-top-section elementor-element elementor-element-935579e elementor-section-boxed elementor-section-height-default elementor-section-height-default\" data-id=\"935579e\" data-element_type=\"section\">\n\t\t\t\t\t\t<div class=\"elementor-container elementor-column-gap-default\">\n\t\t\t\t\t<div class=\"elementor-column elementor-col-100 elementor-top-column elementor-element elementor-element-17d5f31 bg-block-blue\" data-id=\"17d5f31\" data-element_type=\"column\">\n\t\t\t<div class=\"elementor-widget-wrap elementor-element-populated\">\n\t\t\t\t\t\t<div class=\"elementor-element elementor-element-f795ddf elementor-widget elementor-widget-text-editor\" data-id=\"f795ddf\" data-element_type=\"widget\" data-widget_type=\"text-editor.default\">\n\t\t\t\t<div class=\"elementor-widget-container\">\n\t\t\t\t\t\t\t\t\t<h2>Nos tutrices et tuteurs<\/h2><p><span class=\"headline-cat\" style=\"color: #fff;\">de la 2\u00e8me \u00e0 la 3\u00e8me ann\u00e9e toutes fili\u00e8res de sant\u00e9 confondues<\/span><\/p>\t\t\t\t\t\t\t\t<\/div>\n\t\t\t\t<\/div>\n\t\t\t\t<section class=\"elementor-section elementor-inner-section elementor-element elementor-element-4324807 elementor-section-content-middle elementor-section-boxed elementor-section-height-default elementor-section-height-default\" data-id=\"4324807\" data-element_type=\"section\" data-settings=\"{&quot;background_background&quot;:&quot;classic&quot;}\">\n\t\t\t\t\t\t<div class=\"elementor-container elementor-column-gap-default\">\n\t\t\t\t\t<div class=\"elementor-column elementor-col-50 elementor-inner-column elementor-element elementor-element-75d7966\" data-id=\"75d7966\" data-element_type=\"column\">\n\t\t\t<div class=\"elementor-widget-wrap elementor-element-populated\">\n\t\t\t\t\t\t<div class=\"elementor-element elementor-element-c612eb9 elementor-widget elementor-widget-image\" data-id=\"c612eb9\" data-element_type=\"widget\" data-widget_type=\"image.default\">\n\t\t\t\t<div class=\"elementor-widget-container\">\n\t\t\t\t\t\t\t\t\t\t\t\t\t\t\t<img decoding=\"async\" width=\"800\" height=\"566\" src=\"https:\/\/www.cours-acces.fr\/reunion\/wp-content\/uploads\/sites\/3\/2023\/06\/tuteur-qui-donne-un-cours-3.jpg\" class=\"attachment-large size-large wp-image-732\" alt=\"Tuteur donnant un cours\" \/>\t\t\t\t\t\t\t\t\t\t\t\t\t\t\t<\/div>\n\t\t\t\t<\/div>\n\t\t\t\t\t<\/div>\n\t\t<\/div>\n\t\t\t\t<div class=\"elementor-column elementor-col-50 elementor-inner-column elementor-element elementor-element-11ce44f\" data-id=\"11ce44f\" data-element_type=\"column\" data-settings=\"{&quot;background_background&quot;:&quot;classic&quot;}\">\n\t\t\t<div class=\"elementor-widget-wrap elementor-element-populated\">\n\t\t\t\t\t\t<div class=\"elementor-element elementor-element-eac7316 elementor-widget elementor-widget-text-editor\" data-id=\"eac7316\" data-element_type=\"widget\" data-widget_type=\"text-editor.default\">\n\t\t\t\t<div class=\"elementor-widget-container\">\n\t\t\t\t\t\t\t\t\t<ul class=\"bull-orange\">\n \t<li style=\"font-weight: 400;\" aria-level=\"1\"><span style=\"font-weight: 400;\">enseignants dans chaque mati\u00e8re (UE) pendant l\u2019ann\u00e9e PASS\u00a0<\/span><\/li>\n \t<li style=\"font-weight: 400;\" aria-level=\"1\"><span style=\"font-weight: 400;\">dirige les ED (enseignement dirig\u00e9s) avec des petits groupe de travail pour revenir sur les points bloquants et les corrections de kh\u00f4lles\u00a0<\/span><\/li>\n \t<li style=\"font-weight: 400;\" aria-level=\"1\"><span style=\"font-weight: 400;\">\u00e9change avec les groupes d&rsquo;\u00e9l\u00e8ves tout au long de l\u2019ann\u00e9e sur leur ann\u00e9e en cours, leur quotidien \u00e0 la fac en ann\u00e9es sup\u00e9rieures, les sp\u00e9cificit\u00e9s de la fili\u00e8re sant\u00e9 de chacun\u2026<\/span><\/li>\n \t<li style=\"font-weight: 400;\" aria-level=\"1\"><span style=\"font-weight: 400;\">marraines et parrains : chaque tuteur \u00e0 3 \u00e0 4 filleuls de la m\u00eame fili\u00e8re m\u00e9dicale qu\u2019il suit r\u00e9guli\u00e8rement et agit en tant que r\u00e9el soutien tout au long de l\u2019ann\u00e9e\u00a0<\/span><\/li>\n<\/ul>\t\t\t\t\t\t\t\t<\/div>\n\t\t\t\t<\/div>\n\t\t\t\t\t<\/div>\n\t\t<\/div>\n\t\t\t\t\t<\/div>\n\t\t<\/section>\n\t\t\t\t\t<\/div>\n\t\t<\/div>\n\t\t\t\t\t<\/div>\n\t\t<\/section>\n\t\t\t\t<\/div>\n\t\t","protected":false},"excerpt":{"rendered":"<p>L&rsquo;\u00e9quipe de direction disponible 5j\/7 pour accompagner les \u00e9l\u00e8ves au quotidien toute l\u2019ann\u00e9e Julie R\u00e9mus-Borel Directrice d&rsquo;\u00e9tablissement Maxence Vennat Responsable p\u00e9dagogique et professeur de chimie Nos tutrices et tuteurs de [&hellip;]<\/p>\n","protected":false},"author":1,"featured_media":878,"parent":62,"menu_order":1,"comment_status":"closed","ping_status":"closed","template":"","meta":{"footnotes":""},"class_list":["post-66","page","type-page","status-publish","has-post-thumbnail","hentry"],"yoast_head":"<!-- This site is optimized with the Yoast SEO plugin v26.6 - https:\/\/yoast.com\/wordpress\/plugins\/seo\/ -->\n<title>Notre \u00e9quipe - Cours Acc\u00e8s - La R\u00e9union<\/title>\n<meta name=\"robots\" content=\"index, follow, max-snippet:-1, max-image-preview:large, max-video-preview:-1\" \/>\n<link rel=\"canonical\" href=\"https:\/\/www.cours-acces.fr\/reunion\/la-prepa\/notre-equipe\/\" \/>\n<meta property=\"og:locale\" content=\"fr_FR\" \/>\n<meta property=\"og:type\" content=\"article\" \/>\n<meta property=\"og:title\" content=\"Notre \u00e9quipe - Cours Acc\u00e8s - La R\u00e9union\" \/>\n<meta property=\"og:description\" content=\"L&rsquo;\u00e9quipe de direction disponible 5j\/7 pour accompagner les \u00e9l\u00e8ves au quotidien toute l\u2019ann\u00e9e Julie R\u00e9mus-Borel Directrice d&rsquo;\u00e9tablissement Maxence Vennat Responsable p\u00e9dagogique et professeur de chimie Nos tutrices et tuteurs de [&hellip;]\" \/>\n<meta property=\"og:url\" content=\"https:\/\/www.cours-acces.fr\/reunion\/la-prepa\/notre-equipe\/\" \/>\n<meta property=\"og:site_name\" content=\"Cours Acc\u00e8s - La R\u00e9union\" \/>\n<meta property=\"article:modified_time\" content=\"2023-08-29T13:38:26+00:00\" \/>\n<meta property=\"og:image\" content=\"https:\/\/www.cours-acces.fr\/reunion\/wp-content\/uploads\/sites\/3\/2023\/07\/bandeau_NOTRE-EQUIPE.jpg\" \/>\n\t<meta property=\"og:image:width\" content=\"1600\" \/>\n\t<meta property=\"og:image:height\" content=\"640\" \/>\n\t<meta property=\"og:image:type\" content=\"image\/jpeg\" \/>\n<meta name=\"twitter:card\" content=\"summary_large_image\" \/>\n<meta name=\"twitter:label1\" content=\"Dur\u00e9e de lecture estim\u00e9e\" \/>\n\t<meta name=\"twitter:data1\" content=\"2 minutes\" \/>\n<script type=\"application\/ld+json\" class=\"yoast-schema-graph\">{\"@context\":\"https:\/\/schema.org\",\"@graph\":[{\"@type\":\"WebPage\",\"@id\":\"https:\/\/www.cours-acces.fr\/reunion\/la-prepa\/notre-equipe\/\",\"url\":\"https:\/\/www.cours-acces.fr\/reunion\/la-prepa\/notre-equipe\/\",\"name\":\"Notre \u00e9quipe - Cours Acc\u00e8s - La R\u00e9union\",\"isPartOf\":{\"@id\":\"https:\/\/www.cours-acces.fr\/reunion\/#website\"},\"primaryImageOfPage\":{\"@id\":\"https:\/\/www.cours-acces.fr\/reunion\/la-prepa\/notre-equipe\/#primaryimage\"},\"image\":{\"@id\":\"https:\/\/www.cours-acces.fr\/reunion\/la-prepa\/notre-equipe\/#primaryimage\"},\"thumbnailUrl\":\"https:\/\/www.cours-acces.fr\/reunion\/wp-content\/uploads\/sites\/3\/2023\/07\/bandeau_NOTRE-EQUIPE.jpg\",\"datePublished\":\"2023-06-08T13:53:02+00:00\",\"dateModified\":\"2023-08-29T13:38:26+00:00\",\"breadcrumb\":{\"@id\":\"https:\/\/www.cours-acces.fr\/reunion\/la-prepa\/notre-equipe\/#breadcrumb\"},\"inLanguage\":\"fr-FR\",\"potentialAction\":[{\"@type\":\"ReadAction\",\"target\":[\"https:\/\/www.cours-acces.fr\/reunion\/la-prepa\/notre-equipe\/\"]}]},{\"@type\":\"ImageObject\",\"inLanguage\":\"fr-FR\",\"@id\":\"https:\/\/www.cours-acces.fr\/reunion\/la-prepa\/notre-equipe\/#primaryimage\",\"url\":\"https:\/\/www.cours-acces.fr\/reunion\/wp-content\/uploads\/sites\/3\/2023\/07\/bandeau_NOTRE-EQUIPE.jpg\",\"contentUrl\":\"https:\/\/www.cours-acces.fr\/reunion\/wp-content\/uploads\/sites\/3\/2023\/07\/bandeau_NOTRE-EQUIPE.jpg\",\"width\":1600,\"height\":640},{\"@type\":\"BreadcrumbList\",\"@id\":\"https:\/\/www.cours-acces.fr\/reunion\/la-prepa\/notre-equipe\/#breadcrumb\",\"itemListElement\":[{\"@type\":\"ListItem\",\"position\":1,\"name\":\"Home\",\"item\":\"https:\/\/www.cours-acces.fr\/reunion\/\"},{\"@type\":\"ListItem\",\"position\":2,\"name\":\"La pr\u00e9pa\",\"item\":\"https:\/\/www.cours-acces.fr\/reunion\/la-prepa\/\"},{\"@type\":\"ListItem\",\"position\":3,\"name\":\"Notre \u00e9quipe\"}]},{\"@type\":\"WebSite\",\"@id\":\"https:\/\/www.cours-acces.fr\/reunion\/#website\",\"url\":\"https:\/\/www.cours-acces.fr\/reunion\/\",\"name\":\"Cours Acc\u00e8s - La R\u00e9union\",\"description\":\"La pr\u00e9paration aux concours sant\u00e9 de la R\u00e9union depuis 2004\",\"publisher\":{\"@id\":\"https:\/\/www.cours-acces.fr\/reunion\/#organization\"},\"potentialAction\":[{\"@type\":\"SearchAction\",\"target\":{\"@type\":\"EntryPoint\",\"urlTemplate\":\"https:\/\/www.cours-acces.fr\/reunion\/?s={search_term_string}\"},\"query-input\":{\"@type\":\"PropertyValueSpecification\",\"valueRequired\":true,\"valueName\":\"search_term_string\"}}],\"inLanguage\":\"fr-FR\"},{\"@type\":\"Organization\",\"@id\":\"https:\/\/www.cours-acces.fr\/reunion\/#organization\",\"name\":\"Cours Acc\u00e8s - La R\u00e9union\",\"url\":\"https:\/\/www.cours-acces.fr\/reunion\/\",\"logo\":{\"@type\":\"ImageObject\",\"inLanguage\":\"fr-FR\",\"@id\":\"https:\/\/www.cours-acces.fr\/reunion\/#\/schema\/logo\/image\/\",\"url\":\"https:\/\/www.cours-acces.fr\/reunion\/wp-content\/uploads\/sites\/3\/2023\/06\/LOGO-acces.png\",\"contentUrl\":\"https:\/\/www.cours-acces.fr\/reunion\/wp-content\/uploads\/sites\/3\/2023\/06\/LOGO-acces.png\",\"width\":1000,\"height\":442,\"caption\":\"Cours Acc\u00e8s - La R\u00e9union\"},\"image\":{\"@id\":\"https:\/\/www.cours-acces.fr\/reunion\/#\/schema\/logo\/image\/\"}}]}<\/script>\n<!-- \/ Yoast SEO plugin. -->","yoast_head_json":{"title":"Notre \u00e9quipe - Cours Acc\u00e8s - La R\u00e9union","robots":{"index":"index","follow":"follow","max-snippet":"max-snippet:-1","max-image-preview":"max-image-preview:large","max-video-preview":"max-video-preview:-1"},"canonical":"https:\/\/www.cours-acces.fr\/reunion\/la-prepa\/notre-equipe\/","og_locale":"fr_FR","og_type":"article","og_title":"Notre \u00e9quipe - Cours Acc\u00e8s - La R\u00e9union","og_description":"L&rsquo;\u00e9quipe de direction disponible 5j\/7 pour accompagner les \u00e9l\u00e8ves au quotidien toute l\u2019ann\u00e9e Julie R\u00e9mus-Borel Directrice d&rsquo;\u00e9tablissement Maxence Vennat Responsable p\u00e9dagogique et professeur de chimie Nos tutrices et tuteurs de [&hellip;]","og_url":"https:\/\/www.cours-acces.fr\/reunion\/la-prepa\/notre-equipe\/","og_site_name":"Cours Acc\u00e8s - La R\u00e9union","article_modified_time":"2023-08-29T13:38:26+00:00","og_image":[{"width":1600,"height":640,"url":"https:\/\/www.cours-acces.fr\/reunion\/wp-content\/uploads\/sites\/3\/2023\/07\/bandeau_NOTRE-EQUIPE.jpg","type":"image\/jpeg"}],"twitter_card":"summary_large_image","twitter_misc":{"Dur\u00e9e de lecture estim\u00e9e":"2 minutes"},"schema":{"@context":"https:\/\/schema.org","@graph":[{"@type":"WebPage","@id":"https:\/\/www.cours-acces.fr\/reunion\/la-prepa\/notre-equipe\/","url":"https:\/\/www.cours-acces.fr\/reunion\/la-prepa\/notre-equipe\/","name":"Notre \u00e9quipe - Cours Acc\u00e8s - La R\u00e9union","isPartOf":{"@id":"https:\/\/www.cours-acces.fr\/reunion\/#website"},"primaryImageOfPage":{"@id":"https:\/\/www.cours-acces.fr\/reunion\/la-prepa\/notre-equipe\/#primaryimage"},"image":{"@id":"https:\/\/www.cours-acces.fr\/reunion\/la-prepa\/notre-equipe\/#primaryimage"},"thumbnailUrl":"https:\/\/www.cours-acces.fr\/reunion\/wp-content\/uploads\/sites\/3\/2023\/07\/bandeau_NOTRE-EQUIPE.jpg","datePublished":"2023-06-08T13:53:02+00:00","dateModified":"2023-08-29T13:38:26+00:00","breadcrumb":{"@id":"https:\/\/www.cours-acces.fr\/reunion\/la-prepa\/notre-equipe\/#breadcrumb"},"inLanguage":"fr-FR","potentialAction":[{"@type":"ReadAction","target":["https:\/\/www.cours-acces.fr\/reunion\/la-prepa\/notre-equipe\/"]}]},{"@type":"ImageObject","inLanguage":"fr-FR","@id":"https:\/\/www.cours-acces.fr\/reunion\/la-prepa\/notre-equipe\/#primaryimage","url":"https:\/\/www.cours-acces.fr\/reunion\/wp-content\/uploads\/sites\/3\/2023\/07\/bandeau_NOTRE-EQUIPE.jpg","contentUrl":"https:\/\/www.cours-acces.fr\/reunion\/wp-content\/uploads\/sites\/3\/2023\/07\/bandeau_NOTRE-EQUIPE.jpg","width":1600,"height":640},{"@type":"BreadcrumbList","@id":"https:\/\/www.cours-acces.fr\/reunion\/la-prepa\/notre-equipe\/#breadcrumb","itemListElement":[{"@type":"ListItem","position":1,"name":"Home","item":"https:\/\/www.cours-acces.fr\/reunion\/"},{"@type":"ListItem","position":2,"name":"La pr\u00e9pa","item":"https:\/\/www.cours-acces.fr\/reunion\/la-prepa\/"},{"@type":"ListItem","position":3,"name":"Notre \u00e9quipe"}]},{"@type":"WebSite","@id":"https:\/\/www.cours-acces.fr\/reunion\/#website","url":"https:\/\/www.cours-acces.fr\/reunion\/","name":"Cours Acc\u00e8s - La R\u00e9union","description":"La pr\u00e9paration aux concours sant\u00e9 de la R\u00e9union depuis 2004","publisher":{"@id":"https:\/\/www.cours-acces.fr\/reunion\/#organization"},"potentialAction":[{"@type":"SearchAction","target":{"@type":"EntryPoint","urlTemplate":"https:\/\/www.cours-acces.fr\/reunion\/?s={search_term_string}"},"query-input":{"@type":"PropertyValueSpecification","valueRequired":true,"valueName":"search_term_string"}}],"inLanguage":"fr-FR"},{"@type":"Organization","@id":"https:\/\/www.cours-acces.fr\/reunion\/#organization","name":"Cours Acc\u00e8s - La R\u00e9union","url":"https:\/\/www.cours-acces.fr\/reunion\/","logo":{"@type":"ImageObject","inLanguage":"fr-FR","@id":"https:\/\/www.cours-acces.fr\/reunion\/#\/schema\/logo\/image\/","url":"https:\/\/www.cours-acces.fr\/reunion\/wp-content\/uploads\/sites\/3\/2023\/06\/LOGO-acces.png","contentUrl":"https:\/\/www.cours-acces.fr\/reunion\/wp-content\/uploads\/sites\/3\/2023\/06\/LOGO-acces.png","width":1000,"height":442,"caption":"Cours Acc\u00e8s - La R\u00e9union"},"image":{"@id":"https:\/\/www.cours-acces.fr\/reunion\/#\/schema\/logo\/image\/"}}]}},"_links":{"self":[{"href":"https:\/\/www.cours-acces.fr\/reunion\/wp-json\/wp\/v2\/pages\/66","targetHints":{"allow":["GET"]}}],"collection":[{"href":"https:\/\/www.cours-acces.fr\/reunion\/wp-json\/wp\/v2\/pages"}],"about":[{"href":"https:\/\/www.cours-acces.fr\/reunion\/wp-json\/wp\/v2\/types\/page"}],"author":[{"embeddable":true,"href":"https:\/\/www.cours-acces.fr\/reunion\/wp-json\/wp\/v2\/users\/1"}],"replies":[{"embeddable":true,"href":"https:\/\/www.cours-acces.fr\/reunion\/wp-json\/wp\/v2\/comments?post=66"}],"version-history":[{"count":41,"href":"https:\/\/www.cours-acces.fr\/reunion\/wp-json\/wp\/v2\/pages\/66\/revisions"}],"predecessor-version":[{"id":1164,"href":"https:\/\/www.cours-acces.fr\/reunion\/wp-json\/wp\/v2\/pages\/66\/revisions\/1164"}],"up":[{"embeddable":true,"href":"https:\/\/www.cours-acces.fr\/reunion\/wp-json\/wp\/v2\/pages\/62"}],"wp:featuredmedia":[{"embeddable":true,"href":"https:\/\/www.cours-acces.fr\/reunion\/wp-json\/wp\/v2\/media\/878"}],"wp:attachment":[{"href":"https:\/\/www.cours-acces.fr\/reunion\/wp-json\/wp\/v2\/media?parent=66"}],"curies":[{"name":"wp","href":"https:\/\/api.w.org\/{rel}","templated":true}]}}