{"id":54,"date":"2023-06-07T14:05:15","date_gmt":"2023-06-07T12:05:15","guid":{"rendered":"https:\/\/dev.ipesud.jack.agency\/?page_id=3"},"modified":"2023-07-05T16:12:19","modified_gmt":"2023-07-05T14:12:19","slug":"politique-de-confidentialite-2","status":"publish","type":"page","link":"https:\/\/www.cours-acces.fr\/reunion\/politique-de-confidentialite-2\/","title":{"rendered":"Politique de confidentialit\u00e9"},"content":{"rendered":"\t\t<div data-elementor-type=\"wp-page\" data-elementor-id=\"54\" class=\"elementor elementor-54\">\n\t\t\t\t\t\t<section class=\"elementor-section elementor-top-section elementor-element elementor-element-11f68637 elementor-section-boxed elementor-section-height-default elementor-section-height-default\" data-id=\"11f68637\" data-element_type=\"section\">\n\t\t\t\t\t\t<div class=\"elementor-container elementor-column-gap-default\">\n\t\t\t\t\t<div class=\"elementor-column elementor-col-100 elementor-top-column elementor-element elementor-element-26b1a250\" data-id=\"26b1a250\" data-element_type=\"column\">\n\t\t\t<div class=\"elementor-widget-wrap elementor-element-populated\">\n\t\t\t\t\t\t<div class=\"elementor-element elementor-element-5ed8508b elementor-widget elementor-widget-text-editor\" data-id=\"5ed8508b\" data-element_type=\"widget\" data-widget_type=\"text-editor.default\">\n\t\t\t\t<div class=\"elementor-widget-container\">\n\t\t\t\t\t\t\t\t\t<div class=\"wpb_text_column wpb_content_element  talent-cl-white\">\n<div class=\"wpb_wrapper\">\n<h3 class=\"talent-cl-camel\"><strong>Pourquoi collectons-nous vos donn\u00e9es ?<\/strong><\/h3>\n<p>Au travers de notre plateforme Mowpli, nous sommes susceptibles de collecter vos donn\u00e9es \u00e0 des fins de pouvoir r\u00e9pondre le plus rapidement possible \u00e0 vos demandes de renseignement ou d\u2019intervention, par le canal de communication que vous aurez choisi.<br \/>Nous sommes \u00e9galement susceptibles d\u2019utiliser vos donn\u00e9es dans le cadre de notre newsletter, afin de vous tenir au courant des derni\u00e8res informations et de vous donner d\u2019autres informations relatives aux sites. Vous pouvez vous d\u00e9sabonner \u00e0 tout moment en cliquant sur le bouton \u00ab se d\u00e9sabonner \u00bb situ\u00e9 au bas des emails que vous recevez.<\/p>\n<\/div>\n<\/div>\n<div class=\"wpb_text_column wpb_content_element  talent-cl-white\">\n<div class=\"wpb_wrapper\">\n<h3>\u00a0<\/h3>\n<h3 class=\"talent-cl-camel\"><strong>Quelles sont les donn\u00e9es personnelles qui sont collect\u00e9es me concernant ?<\/strong><\/h3>\n<p><strong>Quelles donn\u00e9es ?<\/strong><br \/>Nous collectons et traitons notamment vos nom, pr\u00e9nom, adresse, adresse email, num\u00e9ro de t\u00e9l\u00e9phone, adresse IP, donn\u00e9es de connexions et donn\u00e9es de navigation, demandes de renseignement et r\u00e9clamations.<br \/>Le caract\u00e8re obligatoire des donn\u00e9es vous est signal\u00e9 lors de la collecte par un ast\u00e9risque. Certaines donn\u00e9es sont collect\u00e9es automatiquement du fait de vos actions sur le site, d\u2019autres informations peuvent \u00eatre transmises par des partenaires.<\/p>\n<p><strong>Quand ?<\/strong><br \/>Nous collectons les informations que vous nous fournissez notamment quand :<br \/>\u2022 vous naviguez sur le Site et consultez nos offres<br \/>\u2022 vous souhaitez \u00eatre recontact\u00e9 par nos services<br \/>\u2022 vous vous inscrivez sur notre plateforme<\/p>\n<\/div>\n<\/div>\t\t\t\t\t\t\t\t<\/div>\n\t\t\t\t<\/div>\n\t\t\t\t\t<\/div>\n\t\t<\/div>\n\t\t\t\t\t<\/div>\n\t\t<\/section>\n\t\t\t\t<section class=\"elementor-section elementor-top-section elementor-element elementor-element-21a83f5 elementor-section-boxed elementor-section-height-default elementor-section-height-default\" data-id=\"21a83f5\" data-element_type=\"section\">\n\t\t\t\t\t\t<div class=\"elementor-container elementor-column-gap-default\">\n\t\t\t\t\t<div class=\"elementor-column elementor-col-100 elementor-top-column elementor-element elementor-element-767cba5 bg-short-gray\" data-id=\"767cba5\" data-element_type=\"column\">\n\t\t\t<div class=\"elementor-widget-wrap elementor-element-populated\">\n\t\t\t\t\t\t<div class=\"elementor-element elementor-element-8f5f9c5 elementor-widget elementor-widget-text-editor\" data-id=\"8f5f9c5\" data-element_type=\"widget\" data-widget_type=\"text-editor.default\">\n\t\t\t\t<div class=\"elementor-widget-container\">\n\t\t\t\t\t\t\t\t\t<div class=\"wpb_text_column wpb_content_element  talent-cl-white\">\n<div class=\"wpb_text_column wpb_content_element  talent-cl-white\">\n<div class=\"wpb_wrapper\">\n<h3 class=\"talent-cl-camel\"><strong>Cookies<\/strong><\/h3>\n<p>Les cookies sont de petits fichiers texte plac\u00e9s dans votre ordinateur par les sites internet que vous visitez. Ils sont utilis\u00e9s fr\u00e9quemment pour permettre aux sites internet de fonctionner, ou fonctionner plus efficacement, ainsi que pour fournir des informations au propri\u00e9taire des sites.<\/p>\n<\/div>\n<\/div>\n<div class=\"wpb_text_column wpb_content_element  talent-cl-white\">\n<div class=\"wpb_wrapper\">\n<h3 class=\"talent-cl-camel\"><strong><br \/>Nos cookies<\/strong><\/h3>\n<p>Nous sommes susceptibles d\u2019utiliser des cookies de session. Ils se conservent sous la forme d\u2019une session d\u2019identification qui ne vous identifie pas personnellement. Ces cookies n\u2019existent que durant une seule session. Ils disparaissent de votre ordinateur ou appareil une fois que vous fermez le navigateur ou que vous \u00e9teignez votre ordinateur ou appareil.<br \/>Vous pouvez contr\u00f4ler l\u2019utilisation des cookies au niveau de votre navigateur, mais si vous choisissez de les d\u00e9sactiver vous risquez de limiter l\u2019utilisation de certaines fonctionnalit\u00e9s de nos sites.<\/p>\n<\/div>\n<\/div>\n<h3 class=\"wpb_wrapper\"><strong><br \/>Cookies tiers<\/strong><\/h3>\n<div class=\"wpb_wrapper\">Nous sommes \u00e9galement susceptibles d\u2019utiliser des cookies fournis par des tiers \u00e0 des fins publicitaires et statistiques. Ces cookies sont r\u00e9gis par les politiques de confidentialit\u00e9 de ces tiers. Si vous ne souhaitez pas utiliser ces cookies, merci de consulter ces politiques de confidentialit\u00e9 en cliquant sur les liens ci-dessous.<\/div>\n<\/div>\n<div class=\"wpb_text_column wpb_content_element \">\n<div class=\"wpb_wrapper\">\n<table>\n<tbody>\n<tr>\n<td><strong>Type<\/strong><\/td>\n<td><strong>Objet<\/strong><\/td>\n<td><strong>D\u00e9tails<\/strong><\/td>\n<\/tr>\n<tr>\n<td>Google Analytics<\/td>\n<td>Ces cookies servent \u00e0 collecter des informations relatives aux visiteurs de nos sites. Ils les collectent d\u2019une fa\u00e7on anonyme qui ne permet pas d\u2019identifier le visiteur. Ils fournissent des informations concernant le nombre de visiteurs des sites, o\u00f9 ils sont all\u00e9s et les pages qu\u2019ils ont consult\u00e9es. Nous utilisons ces informations pour am\u00e9liorer la mani\u00e8re dont fonctionnent nos sites.<\/td>\n<td>Pour en savoir plus sur les politiques de confidentialit\u00e9 de Google.<br \/>Pour ne plus \u00eatre suivi par Google Analytics sur tous les sites internet, visitez Google.<\/td>\n<\/tr>\n<tr>\n<td>R\u00e9seaux sociaux<\/td>\n<td>Nous int\u00e9grons des boutons de r\u00e9seaux sociaux dans nos sites web pour vous rediriger vers nos r\u00e9seaux sociaux. Ils peuvent installer des cookies sur votre ordinateur lorsque vous cliquez dessus.<\/td>\n<td>\u00a0<\/td>\n<\/tr>\n<\/tbody>\n<\/table>\n<\/div>\n<\/div>\t\t\t\t\t\t\t\t<\/div>\n\t\t\t\t<\/div>\n\t\t\t\t\t<\/div>\n\t\t<\/div>\n\t\t\t\t\t<\/div>\n\t\t<\/section>\n\t\t\t\t<section class=\"elementor-section elementor-top-section elementor-element elementor-element-b70bf14 elementor-section-boxed elementor-section-height-default elementor-section-height-default\" data-id=\"b70bf14\" data-element_type=\"section\">\n\t\t\t\t\t\t<div class=\"elementor-container elementor-column-gap-default\">\n\t\t\t\t\t<div class=\"elementor-column elementor-col-100 elementor-top-column elementor-element elementor-element-4d79ace\" data-id=\"4d79ace\" data-element_type=\"column\">\n\t\t\t<div class=\"elementor-widget-wrap elementor-element-populated\">\n\t\t\t\t\t\t<div class=\"elementor-element elementor-element-46120e6 elementor-widget elementor-widget-text-editor\" data-id=\"46120e6\" data-element_type=\"widget\" data-widget_type=\"text-editor.default\">\n\t\t\t\t<div class=\"elementor-widget-container\">\n\t\t\t\t\t\t\t\t\t<div class=\"wpb_text_column wpb_content_element talent-cl-white\">\n<div class=\"wpb_wrapper\">\n<h3 class=\"talent-cl-camel\"><strong>Balises web<\/strong><\/h3>\n<p>Nous sommes susceptibles d\u2019utiliser des balises web, seules ou en compl\u00e9ment de cookies pour compiler des informations \u00e0 propos de l\u2019utilisation de nos sites internet par nos visiteurs. Les balises web sont des images \u00e9lectroniques claires qui peuvent reconna\u00eetre certaines informations de votre ordinateur, comme les cookies, lorsque vous avez consult\u00e9 un site web particulier li\u00e9 \u00e0 la balise web. Nous utilisons des balises web pour exploiter et am\u00e9liorer l\u2019utilisation de ces sites.<\/p>\n<\/div>\n<\/div>\n<div class=\"wpb_text_column wpb_content_element talent-cl-white\">\n<div class=\"wpb_wrapper\">\n<h3 class=\"talent-cl-camel\"><strong><br \/>Sur quels fondements justifions-nous cette utilisation ?<\/strong><\/h3>\n<p>Nous ne collectons vos donn\u00e9es qu\u2019avec votre consentement, que vous nous donnez en naviguant sur ces sites internet et en nous fournissant vos informations personnelles dans les formulaires \u00e0 cet effet. L\u2019ex\u00e9cution d\u2019un contrat, l\u2019int\u00e9r\u00eat l\u00e9gitime et le respect de nos obligations l\u00e9gales sont \u00e9galement susceptibles de justifier, le cas \u00e9ch\u00e9ant, un traitement de donn\u00e9es que nous effectuons.<\/p>\n<\/div>\n<\/div>\n<div class=\"wpb_text_column wpb_content_element talent-cl-white\">\n<div class=\"wpb_wrapper\">\n<h3 class=\"talent-cl-camel\"><strong><br \/>Avec qui vos donn\u00e9es sont-elles partag\u00e9es ?<\/strong><\/h3>\n<p><strong>Tiers<\/strong><br \/>Les sections \u201ccookies\u201d et \u201cbalises web\u201d de cette politique traitent sp\u00e9cifiquement des donn\u00e9es que nous ou des tiers recueillons par le biais de cookies et balises web, et de la mani\u00e8re dont vous pouvez contr\u00f4ler les cookies via votre navigateur web.<br \/>Nos sites peuvent \u00e9galement contenir des liens vers d\u2019autres sites. Les pratiques de confidentialit\u00e9 de ces autres sites sont couvertes par leurs propres politiques de confidentialit\u00e9. Merci de consulter ces politiques de confidentialit\u00e9 si vous souhaitez en savoir davantage.<br \/>Vos donn\u00e9es ne sont pas vendues \u00e0 des tiers.<\/p>\n<p><strong>Divulgation obligatoire<\/strong><br \/>Nous nous r\u00e9servons le droit d\u2019utiliser ou de divulguer des informations si la loi l\u2019exige ou si nous croyons raisonnablement que l\u2019utilisation ou la divulgation de ces informations est n\u00e9cessaire pour prot\u00e9ger nos droits et\/ou pour se conformer \u00e0 une ordonnance du tribunal ou \u00e0 une proc\u00e9dure judiciaire.<\/p>\n<\/div>\n<\/div>\n<div class=\"wpb_text_column wpb_content_element talent-cl-white\">\n<div class=\"wpb_wrapper\">\n<h3 class=\"talent-cl-camel\"><strong><br \/>Combien de temps conservons-nous vos donn\u00e9es ?<\/strong><\/h3>\n<p>Nous ne conservons vos donn\u00e9es que le temps n\u00e9cessaire pour les utiliser conform\u00e9ment aux fins d\u00e9crites dans cette Politique de Confidentialit\u00e9 ou pour nous conformer aux lois en vigueur. Quand vos donn\u00e9es ne sont plus n\u00e9cessaires ou pertinentes aux fins de l\u2019utilisation que nous en faisons ou que leur suppression est requise par les lois en vigueur, nous prenons des mesures pour les faire supprimer ou les rendre anonymes.<\/p>\n<\/div>\n<\/div>\n<div class=\"wpb_text_column wpb_content_element talent-cl-white\">\n<div class=\"wpb_wrapper\">\n<h3 class=\"talent-cl-camel\"><strong><br \/>Comment prot\u00e9geons-nous vos donn\u00e9es<\/strong>\u00a0?<\/h3>\n<p>Nous mettons en place toutes les mesures techniques et organisationnelles, telles que d\u00e9finies par les lois en vigueur, afin de prot\u00e9ger vos donn\u00e9es contre l\u2019acc\u00e8s non-autoris\u00e9 \u00e0 ces donn\u00e9es, leur divulgation, leur modification ou leur perte.<br \/>Nous revoyons et mettons \u00e0 jour nos pratiques afin d\u2019am\u00e9liorer votre confidentialit\u00e9 et de nous assurer que nos politiques internes soient respect\u00e9es.<\/p>\n<\/div>\n<\/div>\n<div class=\"wpb_text_column wpb_content_element talent-cl-white\">\n<div class=\"wpb_wrapper\">\n<h3 class=\"talent-cl-camel\"><strong><br \/>O\u00f9 vos donn\u00e9es sont-elles stock\u00e9es ?<\/strong><\/h3>\n<p>Vos donn\u00e9es sont stock\u00e9es au sein de l\u2019Espace \u00c9conomique Europ\u00e9en.<\/p>\n<\/div>\n<\/div>\n<div class=\"wpb_text_column wpb_content_element talent-cl-white\">\n<div class=\"wpb_wrapper\">\n<h3 class=\"talent-cl-camel\"><strong><br \/>Comment exercer vos droits, et nous contacter ?<\/strong><\/h3>\n<p>Pour toute question concernant cette Politique de Confidentialit\u00e9, ou afin d\u2019exercer vos droits d\u2019acc\u00e8s, rectification et suppression de vos donn\u00e9es, tels que pr\u00e9vus et d\u00e9finis par le RGPD, ainsi que votre droit d\u2019opposition aux traitements d\u00e9finis dans la pr\u00e9sente Politique de Confidentialit\u00e9, et afin de retirer votre consentement, vous pouvez nous contacter \u00e0 l\u2019adresse suivante : contact@mowpli.com.<\/p>\n<p>Vous pourrez \u00e9galement, dans le cas o\u00f9 vous consid\u00e9rez que nous aurions viol\u00e9 vos droits tels qu\u2019ils sont reconnus par la r\u00e9glementation en vigueur, porter plainte aupr\u00e8s de la Commission nationale de l\u2019information et des libert\u00e9s (www.cnil.fr).<\/p>\n<\/div>\n<\/div>\n<div class=\"wpb_text_column wpb_content_element talent-cl-white\">\n<div class=\"wpb_wrapper\">\n<h3 class=\"talent-cl-camel\"><strong><br \/>Les principes d\u00e9finis par cette Politique de Confidentialit\u00e9 sont-ils d\u00e9finitifs ?<\/strong><\/h3>\n<p>Nous sommes susceptibles de changer cette Politique de Confidentialit\u00e9 de temps \u00e0 autre. Assurez- vous de la consulter r\u00e9guli\u00e8rement, seule la derni\u00e8re version en date sera applicable aux traitements que nous effectuons.<\/p>\n<\/div>\n<\/div>\t\t\t\t\t\t\t\t<\/div>\n\t\t\t\t<\/div>\n\t\t\t\t\t<\/div>\n\t\t<\/div>\n\t\t\t\t\t<\/div>\n\t\t<\/section>\n\t\t\t\t<\/div>\n\t\t","protected":false},"excerpt":{"rendered":"<p>Pourquoi collectons-nous vos donn\u00e9es ? Au travers de notre plateforme Mowpli, nous sommes susceptibles de collecter vos donn\u00e9es \u00e0 des fins de pouvoir r\u00e9pondre le plus rapidement possible \u00e0 vos [&hellip;]<\/p>\n","protected":false},"author":1,"featured_media":641,"parent":0,"menu_order":0,"comment_status":"closed","ping_status":"open","template":"","meta":{"footnotes":""},"class_list":["post-54","page","type-page","status-publish","has-post-thumbnail","hentry"],"yoast_head":"<!-- This site is optimized with the Yoast SEO plugin v26.6 - https:\/\/yoast.com\/wordpress\/plugins\/seo\/ -->\n<title>Politique de confidentialit\u00e9 - Cours Acc\u00e8s - La R\u00e9union<\/title>\n<meta name=\"robots\" content=\"index, follow, max-snippet:-1, max-image-preview:large, max-video-preview:-1\" \/>\n<link rel=\"canonical\" href=\"https:\/\/www.cours-acces.fr\/reunion\/politique-de-confidentialite-2\/\" \/>\n<meta property=\"og:locale\" content=\"fr_FR\" \/>\n<meta property=\"og:type\" content=\"article\" \/>\n<meta property=\"og:title\" content=\"Politique de confidentialit\u00e9 - Cours Acc\u00e8s - La R\u00e9union\" \/>\n<meta property=\"og:description\" content=\"Pourquoi collectons-nous vos donn\u00e9es ? Au travers de notre plateforme Mowpli, nous sommes susceptibles de collecter vos donn\u00e9es \u00e0 des fins de pouvoir r\u00e9pondre le plus rapidement possible \u00e0 vos [&hellip;]\" \/>\n<meta property=\"og:url\" content=\"https:\/\/www.cours-acces.fr\/reunion\/politique-de-confidentialite-2\/\" \/>\n<meta property=\"og:site_name\" content=\"Cours Acc\u00e8s - La R\u00e9union\" \/>\n<meta property=\"article:modified_time\" content=\"2023-07-05T14:12:19+00:00\" \/>\n<meta property=\"og:image\" content=\"https:\/\/www.cours-acces.fr\/reunion\/wp-content\/uploads\/sites\/3\/2023\/06\/coursacces-video-entree-batiment.jpg\" \/>\n\t<meta property=\"og:image:width\" content=\"1920\" \/>\n\t<meta property=\"og:image:height\" content=\"1080\" \/>\n\t<meta property=\"og:image:type\" content=\"image\/jpeg\" \/>\n<meta name=\"twitter:card\" content=\"summary_large_image\" \/>\n<meta name=\"twitter:label1\" content=\"Dur\u00e9e de lecture estim\u00e9e\" \/>\n\t<meta name=\"twitter:data1\" content=\"6 minutes\" \/>\n<script type=\"application\/ld+json\" class=\"yoast-schema-graph\">{\"@context\":\"https:\/\/schema.org\",\"@graph\":[{\"@type\":\"WebPage\",\"@id\":\"https:\/\/www.cours-acces.fr\/reunion\/politique-de-confidentialite-2\/\",\"url\":\"https:\/\/www.cours-acces.fr\/reunion\/politique-de-confidentialite-2\/\",\"name\":\"Politique de confidentialit\u00e9 - Cours Acc\u00e8s - La R\u00e9union\",\"isPartOf\":{\"@id\":\"https:\/\/www.cours-acces.fr\/reunion\/#website\"},\"primaryImageOfPage\":{\"@id\":\"https:\/\/www.cours-acces.fr\/reunion\/politique-de-confidentialite-2\/#primaryimage\"},\"image\":{\"@id\":\"https:\/\/www.cours-acces.fr\/reunion\/politique-de-confidentialite-2\/#primaryimage\"},\"thumbnailUrl\":\"https:\/\/www.cours-acces.fr\/reunion\/wp-content\/uploads\/sites\/3\/2023\/06\/coursacces-video-entree-batiment.jpg\",\"datePublished\":\"2023-06-07T12:05:15+00:00\",\"dateModified\":\"2023-07-05T14:12:19+00:00\",\"breadcrumb\":{\"@id\":\"https:\/\/www.cours-acces.fr\/reunion\/politique-de-confidentialite-2\/#breadcrumb\"},\"inLanguage\":\"fr-FR\",\"potentialAction\":[{\"@type\":\"ReadAction\",\"target\":[\"https:\/\/www.cours-acces.fr\/reunion\/politique-de-confidentialite-2\/\"]}]},{\"@type\":\"ImageObject\",\"inLanguage\":\"fr-FR\",\"@id\":\"https:\/\/www.cours-acces.fr\/reunion\/politique-de-confidentialite-2\/#primaryimage\",\"url\":\"https:\/\/www.cours-acces.fr\/reunion\/wp-content\/uploads\/sites\/3\/2023\/06\/coursacces-video-entree-batiment.jpg\",\"contentUrl\":\"https:\/\/www.cours-acces.fr\/reunion\/wp-content\/uploads\/sites\/3\/2023\/06\/coursacces-video-entree-batiment.jpg\",\"width\":1920,\"height\":1080},{\"@type\":\"BreadcrumbList\",\"@id\":\"https:\/\/www.cours-acces.fr\/reunion\/politique-de-confidentialite-2\/#breadcrumb\",\"itemListElement\":[{\"@type\":\"ListItem\",\"position\":1,\"name\":\"Home\",\"item\":\"https:\/\/www.cours-acces.fr\/reunion\/\"},{\"@type\":\"ListItem\",\"position\":2,\"name\":\"Politique de confidentialit\u00e9\"}]},{\"@type\":\"WebSite\",\"@id\":\"https:\/\/www.cours-acces.fr\/reunion\/#website\",\"url\":\"https:\/\/www.cours-acces.fr\/reunion\/\",\"name\":\"Cours Acc\u00e8s - La R\u00e9union\",\"description\":\"La pr\u00e9paration aux concours sant\u00e9 de la R\u00e9union depuis 2004\",\"publisher\":{\"@id\":\"https:\/\/www.cours-acces.fr\/reunion\/#organization\"},\"potentialAction\":[{\"@type\":\"SearchAction\",\"target\":{\"@type\":\"EntryPoint\",\"urlTemplate\":\"https:\/\/www.cours-acces.fr\/reunion\/?s={search_term_string}\"},\"query-input\":{\"@type\":\"PropertyValueSpecification\",\"valueRequired\":true,\"valueName\":\"search_term_string\"}}],\"inLanguage\":\"fr-FR\"},{\"@type\":\"Organization\",\"@id\":\"https:\/\/www.cours-acces.fr\/reunion\/#organization\",\"name\":\"Cours Acc\u00e8s - La R\u00e9union\",\"url\":\"https:\/\/www.cours-acces.fr\/reunion\/\",\"logo\":{\"@type\":\"ImageObject\",\"inLanguage\":\"fr-FR\",\"@id\":\"https:\/\/www.cours-acces.fr\/reunion\/#\/schema\/logo\/image\/\",\"url\":\"https:\/\/www.cours-acces.fr\/reunion\/wp-content\/uploads\/sites\/3\/2023\/06\/LOGO-acces.png\",\"contentUrl\":\"https:\/\/www.cours-acces.fr\/reunion\/wp-content\/uploads\/sites\/3\/2023\/06\/LOGO-acces.png\",\"width\":1000,\"height\":442,\"caption\":\"Cours Acc\u00e8s - La R\u00e9union\"},\"image\":{\"@id\":\"https:\/\/www.cours-acces.fr\/reunion\/#\/schema\/logo\/image\/\"}}]}<\/script>\n<!-- \/ Yoast SEO plugin. -->","yoast_head_json":{"title":"Politique de confidentialit\u00e9 - Cours Acc\u00e8s - La R\u00e9union","robots":{"index":"index","follow":"follow","max-snippet":"max-snippet:-1","max-image-preview":"max-image-preview:large","max-video-preview":"max-video-preview:-1"},"canonical":"https:\/\/www.cours-acces.fr\/reunion\/politique-de-confidentialite-2\/","og_locale":"fr_FR","og_type":"article","og_title":"Politique de confidentialit\u00e9 - Cours Acc\u00e8s - La R\u00e9union","og_description":"Pourquoi collectons-nous vos donn\u00e9es ? Au travers de notre plateforme Mowpli, nous sommes susceptibles de collecter vos donn\u00e9es \u00e0 des fins de pouvoir r\u00e9pondre le plus rapidement possible \u00e0 vos [&hellip;]","og_url":"https:\/\/www.cours-acces.fr\/reunion\/politique-de-confidentialite-2\/","og_site_name":"Cours Acc\u00e8s - La R\u00e9union","article_modified_time":"2023-07-05T14:12:19+00:00","og_image":[{"width":1920,"height":1080,"url":"https:\/\/www.cours-acces.fr\/reunion\/wp-content\/uploads\/sites\/3\/2023\/06\/coursacces-video-entree-batiment.jpg","type":"image\/jpeg"}],"twitter_card":"summary_large_image","twitter_misc":{"Dur\u00e9e de lecture estim\u00e9e":"6 minutes"},"schema":{"@context":"https:\/\/schema.org","@graph":[{"@type":"WebPage","@id":"https:\/\/www.cours-acces.fr\/reunion\/politique-de-confidentialite-2\/","url":"https:\/\/www.cours-acces.fr\/reunion\/politique-de-confidentialite-2\/","name":"Politique de confidentialit\u00e9 - Cours Acc\u00e8s - La R\u00e9union","isPartOf":{"@id":"https:\/\/www.cours-acces.fr\/reunion\/#website"},"primaryImageOfPage":{"@id":"https:\/\/www.cours-acces.fr\/reunion\/politique-de-confidentialite-2\/#primaryimage"},"image":{"@id":"https:\/\/www.cours-acces.fr\/reunion\/politique-de-confidentialite-2\/#primaryimage"},"thumbnailUrl":"https:\/\/www.cours-acces.fr\/reunion\/wp-content\/uploads\/sites\/3\/2023\/06\/coursacces-video-entree-batiment.jpg","datePublished":"2023-06-07T12:05:15+00:00","dateModified":"2023-07-05T14:12:19+00:00","breadcrumb":{"@id":"https:\/\/www.cours-acces.fr\/reunion\/politique-de-confidentialite-2\/#breadcrumb"},"inLanguage":"fr-FR","potentialAction":[{"@type":"ReadAction","target":["https:\/\/www.cours-acces.fr\/reunion\/politique-de-confidentialite-2\/"]}]},{"@type":"ImageObject","inLanguage":"fr-FR","@id":"https:\/\/www.cours-acces.fr\/reunion\/politique-de-confidentialite-2\/#primaryimage","url":"https:\/\/www.cours-acces.fr\/reunion\/wp-content\/uploads\/sites\/3\/2023\/06\/coursacces-video-entree-batiment.jpg","contentUrl":"https:\/\/www.cours-acces.fr\/reunion\/wp-content\/uploads\/sites\/3\/2023\/06\/coursacces-video-entree-batiment.jpg","width":1920,"height":1080},{"@type":"BreadcrumbList","@id":"https:\/\/www.cours-acces.fr\/reunion\/politique-de-confidentialite-2\/#breadcrumb","itemListElement":[{"@type":"ListItem","position":1,"name":"Home","item":"https:\/\/www.cours-acces.fr\/reunion\/"},{"@type":"ListItem","position":2,"name":"Politique de confidentialit\u00e9"}]},{"@type":"WebSite","@id":"https:\/\/www.cours-acces.fr\/reunion\/#website","url":"https:\/\/www.cours-acces.fr\/reunion\/","name":"Cours Acc\u00e8s - La R\u00e9union","description":"La pr\u00e9paration aux concours sant\u00e9 de la R\u00e9union depuis 2004","publisher":{"@id":"https:\/\/www.cours-acces.fr\/reunion\/#organization"},"potentialAction":[{"@type":"SearchAction","target":{"@type":"EntryPoint","urlTemplate":"https:\/\/www.cours-acces.fr\/reunion\/?s={search_term_string}"},"query-input":{"@type":"PropertyValueSpecification","valueRequired":true,"valueName":"search_term_string"}}],"inLanguage":"fr-FR"},{"@type":"Organization","@id":"https:\/\/www.cours-acces.fr\/reunion\/#organization","name":"Cours Acc\u00e8s - La R\u00e9union","url":"https:\/\/www.cours-acces.fr\/reunion\/","logo":{"@type":"ImageObject","inLanguage":"fr-FR","@id":"https:\/\/www.cours-acces.fr\/reunion\/#\/schema\/logo\/image\/","url":"https:\/\/www.cours-acces.fr\/reunion\/wp-content\/uploads\/sites\/3\/2023\/06\/LOGO-acces.png","contentUrl":"https:\/\/www.cours-acces.fr\/reunion\/wp-content\/uploads\/sites\/3\/2023\/06\/LOGO-acces.png","width":1000,"height":442,"caption":"Cours Acc\u00e8s - La R\u00e9union"},"image":{"@id":"https:\/\/www.cours-acces.fr\/reunion\/#\/schema\/logo\/image\/"}}]}},"_links":{"self":[{"href":"https:\/\/www.cours-acces.fr\/reunion\/wp-json\/wp\/v2\/pages\/54","targetHints":{"allow":["GET"]}}],"collection":[{"href":"https:\/\/www.cours-acces.fr\/reunion\/wp-json\/wp\/v2\/pages"}],"about":[{"href":"https:\/\/www.cours-acces.fr\/reunion\/wp-json\/wp\/v2\/types\/page"}],"author":[{"embeddable":true,"href":"https:\/\/www.cours-acces.fr\/reunion\/wp-json\/wp\/v2\/users\/1"}],"replies":[{"embeddable":true,"href":"https:\/\/www.cours-acces.fr\/reunion\/wp-json\/wp\/v2\/comments?post=54"}],"version-history":[{"count":7,"href":"https:\/\/www.cours-acces.fr\/reunion\/wp-json\/wp\/v2\/pages\/54\/revisions"}],"predecessor-version":[{"id":855,"href":"https:\/\/www.cours-acces.fr\/reunion\/wp-json\/wp\/v2\/pages\/54\/revisions\/855"}],"wp:featuredmedia":[{"embeddable":true,"href":"https:\/\/www.cours-acces.fr\/reunion\/wp-json\/wp\/v2\/media\/641"}],"wp:attachment":[{"href":"https:\/\/www.cours-acces.fr\/reunion\/wp-json\/wp\/v2\/media?parent=54"}],"curies":[{"name":"wp","href":"https:\/\/api.w.org\/{rel}","templated":true}]}}