{"id":1961,"date":"2025-11-04T14:10:21","date_gmt":"2025-11-04T13:10:21","guid":{"rendered":"https:\/\/www.cours-acces.fr\/reunion\/?page_id=1961"},"modified":"2026-01-07T11:32:04","modified_gmt":"2026-01-07T10:32:04","slug":"conference-orientation-sante-la-reunion","status":"publish","type":"page","link":"https:\/\/www.cours-acces.fr\/reunion\/conference-orientation-sante-la-reunion\/","title":{"rendered":"Conf\u00e9rence d\u2019orientation \u2013 \u00c9tudes de sant\u00e9 (PASS \/ LAS)"},"content":{"rendered":"\t\t<div data-elementor-type=\"wp-page\" data-elementor-id=\"1961\" class=\"elementor elementor-1961\">\n\t\t\t\t\t\t<section class=\"elementor-section elementor-top-section elementor-element elementor-element-382e4e5 elementor-section-boxed elementor-section-height-default elementor-section-height-default\" data-id=\"382e4e5\" data-element_type=\"section\">\n\t\t\t\t\t\t<div class=\"elementor-container elementor-column-gap-default\">\n\t\t\t\t\t<div class=\"elementor-column elementor-col-100 elementor-top-column elementor-element elementor-element-5e51734\" data-id=\"5e51734\" data-element_type=\"column\">\n\t\t\t<div class=\"elementor-widget-wrap elementor-element-populated\">\n\t\t\t\t\t\t<div class=\"elementor-element elementor-element-1945db0 elementor-widget elementor-widget-heading\" data-id=\"1945db0\" data-element_type=\"widget\" data-widget_type=\"heading.default\">\n\t\t\t\t<div class=\"elementor-widget-container\">\n\t\t\t\t\t<h2 class=\"elementor-heading-title elementor-size-default\">Conf\u00e9rence Samedi 24 janvier 2026 \u00e0 14h<\/h2>\t\t\t\t<\/div>\n\t\t\t\t<\/div>\n\t\t\t\t<div class=\"elementor-element elementor-element-86a92eb elementor-widget elementor-widget-spacer\" data-id=\"86a92eb\" data-element_type=\"widget\" data-widget_type=\"spacer.default\">\n\t\t\t\t<div class=\"elementor-widget-container\">\n\t\t\t\t\t\t\t<div class=\"elementor-spacer\">\n\t\t\t<div class=\"elementor-spacer-inner\"><\/div>\n\t\t<\/div>\n\t\t\t\t\t\t<\/div>\n\t\t\t\t<\/div>\n\t\t\t\t<div class=\"elementor-element elementor-element-71de44b elementor-widget elementor-widget-heading\" data-id=\"71de44b\" data-element_type=\"widget\" data-widget_type=\"heading.default\">\n\t\t\t\t<div class=\"elementor-widget-container\">\n\t\t\t\t\t<h3 class=\"elementor-heading-title elementor-size-default\">\u00c0 qui s\u2019adresse cette conf\u00e9rence ?<\/h3>\t\t\t\t<\/div>\n\t\t\t\t<\/div>\n\t\t\t\t<div class=\"elementor-element elementor-element-3245ea5 elementor-widget elementor-widget-spacer\" data-id=\"3245ea5\" data-element_type=\"widget\" data-widget_type=\"spacer.default\">\n\t\t\t\t<div class=\"elementor-widget-container\">\n\t\t\t\t\t\t\t<div class=\"elementor-spacer\">\n\t\t\t<div class=\"elementor-spacer-inner\"><\/div>\n\t\t<\/div>\n\t\t\t\t\t\t<\/div>\n\t\t\t\t<\/div>\n\t\t\t\t<div class=\"elementor-element elementor-element-85c0e1e elementor-widget elementor-widget-text-editor\" data-id=\"85c0e1e\" data-element_type=\"widget\" data-widget_type=\"text-editor.default\">\n\t\t\t\t<div class=\"elementor-widget-container\">\n\t\t\t\t\t\t\t\t\t<ul><li><span style=\"font-weight: 400;\">Lyc\u00e9ens int\u00e9ress\u00e9s par des <\/span><b>\u00e9tudes de sant\u00e9<\/b><\/li><li><b><\/b><span style=\"font-weight: 400;\">Parents souhaitant mieux comprendre <\/span><b>PASS \/ LAS<\/b><\/li><li><span style=\"font-weight: 400;\">\u00c9l\u00e8ves en questionnement sur <\/span><b>Parcoursup et les choix \u00e0 faire<\/b><\/li><\/ul>\t\t\t\t\t\t\t\t<\/div>\n\t\t\t\t<\/div>\n\t\t\t\t<div class=\"elementor-element elementor-element-ab06a4c elementor-widget elementor-widget-spacer\" data-id=\"ab06a4c\" data-element_type=\"widget\" data-widget_type=\"spacer.default\">\n\t\t\t\t<div class=\"elementor-widget-container\">\n\t\t\t\t\t\t\t<div class=\"elementor-spacer\">\n\t\t\t<div class=\"elementor-spacer-inner\"><\/div>\n\t\t<\/div>\n\t\t\t\t\t\t<\/div>\n\t\t\t\t<\/div>\n\t\t\t\t<div class=\"elementor-element elementor-element-31e3b9d elementor-widget elementor-widget-heading\" data-id=\"31e3b9d\" data-element_type=\"widget\" data-widget_type=\"heading.default\">\n\t\t\t\t<div class=\"elementor-widget-container\">\n\t\t\t\t\t<h3 class=\"elementor-heading-title elementor-size-default\">Au programme de la conf\u00e9rence<\/h3>\t\t\t\t<\/div>\n\t\t\t\t<\/div>\n\t\t\t\t<div class=\"elementor-element elementor-element-bbb78c8 elementor-widget elementor-widget-spacer\" data-id=\"bbb78c8\" data-element_type=\"widget\" data-widget_type=\"spacer.default\">\n\t\t\t\t<div class=\"elementor-widget-container\">\n\t\t\t\t\t\t\t<div class=\"elementor-spacer\">\n\t\t\t<div class=\"elementor-spacer-inner\"><\/div>\n\t\t<\/div>\n\t\t\t\t\t\t<\/div>\n\t\t\t\t<\/div>\n\t\t\t\t<div class=\"elementor-element elementor-element-78120d4 elementor-widget elementor-widget-text-editor\" data-id=\"78120d4\" data-element_type=\"widget\" data-widget_type=\"text-editor.default\">\n\t\t\t\t<div class=\"elementor-widget-container\">\n\t\t\t\t\t\t\t\t\t<p><span style=\"font-weight: 400;\">Lors de cette conf\u00e9rence d\u2019orientation, vous pourrez :<\/span><\/p><ol><li style=\"font-weight: 400;\" aria-level=\"1\"><span style=\"font-weight: 400;\">Comprendre le fonctionnement des \u00e9tudes <\/span><b>PASS et LAS<\/b><\/li><li style=\"font-weight: 400;\" aria-level=\"1\"><span style=\"font-weight: 400;\">Identifier les <\/span><b>conditions d\u2019acc\u00e8s<\/b><span style=\"font-weight: 400;\"> et les erreurs \u00e0 \u00e9viter<\/span><\/li><li style=\"font-weight: 400;\" aria-level=\"1\"><span style=\"font-weight: 400;\">Mieux appr\u00e9hender <\/span><b>Parcoursup<\/b><span style=\"font-weight: 400;\"> (choix des v\u0153ux, strat\u00e9gie)<\/span><\/li><li style=\"font-weight: 400;\" aria-level=\"1\"><span style=\"font-weight: 400;\">Comprendre le r\u00f4le des <\/span><b>mineures<\/b><span style=\"font-weight: 400;\"> et leur impact<\/span><\/li><li style=\"font-weight: 400;\" aria-level=\"1\">D\u00e9couvrir les <b>attentes r\u00e9elles<\/b><span> en premi\u00e8re ann\u00e9e de sant\u00e9<\/span><\/li><\/ol><p><span style=\"font-weight: 400;\">Un <\/span><b>temps de questions-r\u00e9ponses<\/b><span style=\"font-weight: 400;\"> et d\u2019<\/span><b>\u00e9changes avec des tuteurs<\/b><span style=\"font-weight: 400;\"> est pr\u00e9vu \u00e0 l\u2019issue de la pr\u00e9sentation.<\/span><\/p>\t\t\t\t\t\t\t\t<\/div>\n\t\t\t\t<\/div>\n\t\t\t\t<div class=\"elementor-element elementor-element-affc258 elementor-widget elementor-widget-spacer\" data-id=\"affc258\" data-element_type=\"widget\" data-widget_type=\"spacer.default\">\n\t\t\t\t<div class=\"elementor-widget-container\">\n\t\t\t\t\t\t\t<div class=\"elementor-spacer\">\n\t\t\t<div class=\"elementor-spacer-inner\"><\/div>\n\t\t<\/div>\n\t\t\t\t\t\t<\/div>\n\t\t\t\t<\/div>\n\t\t\t\t<section class=\"elementor-section elementor-inner-section elementor-element elementor-element-f0640ea elementor-section-boxed elementor-section-height-default elementor-section-height-default\" data-id=\"f0640ea\" data-element_type=\"section\">\n\t\t\t\t\t\t<div class=\"elementor-container elementor-column-gap-default\">\n\t\t\t\t\t<div class=\"elementor-column elementor-col-100 elementor-inner-column elementor-element elementor-element-e21adba\" data-id=\"e21adba\" data-element_type=\"column\" data-settings=\"{&quot;background_background&quot;:&quot;gradient&quot;}\">\n\t\t\t<div class=\"elementor-widget-wrap elementor-element-populated\">\n\t\t\t\t\t\t<div class=\"elementor-element elementor-element-4a15b8d elementor-widget elementor-widget-heading\" data-id=\"4a15b8d\" data-element_type=\"widget\" data-widget_type=\"heading.default\">\n\t\t\t\t<div class=\"elementor-widget-container\">\n\t\t\t\t\t<h2 class=\"elementor-heading-title elementor-size-default\">Informations pratiques<\/h2>\t\t\t\t<\/div>\n\t\t\t\t<\/div>\n\t\t\t\t<div class=\"elementor-element elementor-element-bf6b5a5 elementor-widget elementor-widget-spacer\" data-id=\"bf6b5a5\" data-element_type=\"widget\" data-widget_type=\"spacer.default\">\n\t\t\t\t<div class=\"elementor-widget-container\">\n\t\t\t\t\t\t\t<div class=\"elementor-spacer\">\n\t\t\t<div class=\"elementor-spacer-inner\"><\/div>\n\t\t<\/div>\n\t\t\t\t\t\t<\/div>\n\t\t\t\t<\/div>\n\t\t\t\t<div class=\"elementor-element elementor-element-f0966bf elementor-widget elementor-widget-text-editor\" data-id=\"f0966bf\" data-element_type=\"widget\" data-widget_type=\"text-editor.default\">\n\t\t\t\t<div class=\"elementor-widget-container\">\n\t\t\t\t\t\t\t\t\t<ul><li data-start=\"1462\" data-end=\"1502\"><p data-start=\"1464\" data-end=\"1502\"><strong data-start=\"1467\" data-end=\"1475\">Date<\/strong> : Samedi 24 janvier 2026<\/p><\/li><li data-start=\"1503\" data-end=\"1527\"><p data-start=\"1505\" data-end=\"1527\"><strong data-start=\"1508\" data-end=\"1519\">Horaire<\/strong> : 14h<\/p><\/li><li data-start=\"1528\" data-end=\"1558\"><p data-start=\"1530\" data-end=\"1558\"><strong data-start=\"1532\" data-end=\"1541\">Dur\u00e9e<\/strong> : environ 1h30<\/p><\/li><li data-start=\"1559\" data-end=\"1604\"><p data-start=\"1561\" data-end=\"1604\"><strong data-start=\"1564\" data-end=\"1572\">Lieu<\/strong> : H\u00f4tel Cr\u00e9olia \u2013 14 rue du Stade, 97400 Saint-Denis, La R\u00e9union<\/p><\/li><li data-start=\"1605\" data-end=\"1663\"><p data-start=\"1607\" data-end=\"1663\">Temps d\u2019\u00e9change avec l\u2019\u00e9quipe et les tuteurs inclus<\/p><\/li><\/ul>\t\t\t\t\t\t\t\t<\/div>\n\t\t\t\t<\/div>\n\t\t\t\t\t<\/div>\n\t\t<\/div>\n\t\t\t\t\t<\/div>\n\t\t<\/section>\n\t\t\t\t<div class=\"elementor-element elementor-element-70297e2 elementor-widget elementor-widget-spacer\" data-id=\"70297e2\" data-element_type=\"widget\" data-widget_type=\"spacer.default\">\n\t\t\t\t<div class=\"elementor-widget-container\">\n\t\t\t\t\t\t\t<div class=\"elementor-spacer\">\n\t\t\t<div class=\"elementor-spacer-inner\"><\/div>\n\t\t<\/div>\n\t\t\t\t\t\t<\/div>\n\t\t\t\t<\/div>\n\t\t\t\t<div class=\"elementor-element elementor-element-07e4664 elementor-widget elementor-widget-text-editor\" data-id=\"07e4664\" data-element_type=\"widget\" data-widget_type=\"text-editor.default\">\n\t\t\t\t<div class=\"elementor-widget-container\">\n\t\t\t\t\t\t\t\t\t<section><h2 style=\"color: #0d0168; font-size: 1.6rem; font-weight: 600; margin-bottom: 15px; font-family: Montserrat,sans-serif;\">Inscrivez-vous d\u00e8s maintenant<\/h2><p data-start=\"1688\" data-end=\"1809\">La participation est <strong data-start=\"1709\" data-end=\"1721\">gratuite<\/strong>, mais l\u2019inscription est <strong data-start=\"1746\" data-end=\"1760\">conseill\u00e9e<\/strong> afin de faciliter l\u2019organisation de l\u2019\u00e9v\u00e9nement. Merci de remplir le formulaire ci-dessous pour vous inscrire.<\/p><p><!-- \ud83d\udc49 Ici tu ajoutes ton code de formulaire --><\/p><\/section>\t\t\t\t\t\t\t\t<\/div>\n\t\t\t\t<\/div>\n\t\t\t\t<div class=\"elementor-element elementor-element-402ba33 elementor-widget elementor-widget-spacer\" data-id=\"402ba33\" data-element_type=\"widget\" data-widget_type=\"spacer.default\">\n\t\t\t\t<div class=\"elementor-widget-container\">\n\t\t\t\t\t\t\t<div class=\"elementor-spacer\">\n\t\t\t<div class=\"elementor-spacer-inner\"><\/div>\n\t\t<\/div>\n\t\t\t\t\t\t<\/div>\n\t\t\t\t<\/div>\n\t\t\t\t<div class=\"elementor-element elementor-element-8c6c5e1 elementor-widget elementor-widget-text-editor\" data-id=\"8c6c5e1\" data-element_type=\"widget\" data-widget_type=\"text-editor.default\">\n\t\t\t\t<div class=\"elementor-widget-container\">\n\t\t\t\t\t\t\t\t\t<script src=\"https:\/\/js-eu1.hsforms.net\/forms\/embed\/26008441.js\" defer><\/script>\n<div class=\"hs-form-frame\" data-region=\"eu1\" data-form-id=\"d1715b4b-08aa-40ba-9825-1e82b2cb539c\" data-portal-id=\"26008441\"><\/div>\t\t\t\t\t\t\t\t<\/div>\n\t\t\t\t<\/div>\n\t\t\t\t\t<\/div>\n\t\t<\/div>\n\t\t\t\t\t<\/div>\n\t\t<\/section>\n\t\t\t\t<\/div>\n\t\t","protected":false},"excerpt":{"rendered":"<p>Conf\u00e9rence Samedi 24 janvier 2026 \u00e0 14h \u00c0 qui s\u2019adresse cette conf\u00e9rence ? Lyc\u00e9ens int\u00e9ress\u00e9s par des \u00e9tudes de sant\u00e9 Parents souhaitant mieux comprendre PASS \/ LAS \u00c9l\u00e8ves en questionnement [&hellip;]<\/p>\n","protected":false},"author":3,"featured_media":1685,"parent":0,"menu_order":0,"comment_status":"closed","ping_status":"closed","template":"","meta":{"footnotes":""},"class_list":["post-1961","page","type-page","status-publish","has-post-thumbnail","hentry"],"yoast_head":"<!-- This site is optimized with the Yoast SEO plugin v26.6 - https:\/\/yoast.com\/wordpress\/plugins\/seo\/ -->\n<title>Conf\u00e9rence d\u2019orientation \u2013 \u00c9tudes de sant\u00e9 (PASS \/ LAS) - Cours Acc\u00e8s - La R\u00e9union<\/title>\n<meta name=\"robots\" content=\"index, follow, max-snippet:-1, max-image-preview:large, max-video-preview:-1\" \/>\n<link rel=\"canonical\" href=\"https:\/\/www.cours-acces.fr\/reunion\/conference-orientation-sante-la-reunion\/\" \/>\n<meta property=\"og:locale\" content=\"fr_FR\" \/>\n<meta property=\"og:type\" content=\"article\" \/>\n<meta property=\"og:title\" content=\"Conf\u00e9rence d\u2019orientation \u2013 \u00c9tudes de sant\u00e9 (PASS \/ LAS) - Cours Acc\u00e8s - La R\u00e9union\" \/>\n<meta property=\"og:description\" content=\"Conf\u00e9rence Samedi 24 janvier 2026 \u00e0 14h \u00c0 qui s\u2019adresse cette conf\u00e9rence ? Lyc\u00e9ens int\u00e9ress\u00e9s par des \u00e9tudes de sant\u00e9 Parents souhaitant mieux comprendre PASS \/ LAS \u00c9l\u00e8ves en questionnement [&hellip;]\" \/>\n<meta property=\"og:url\" content=\"https:\/\/www.cours-acces.fr\/reunion\/conference-orientation-sante-la-reunion\/\" \/>\n<meta property=\"og:site_name\" content=\"Cours Acc\u00e8s - La R\u00e9union\" \/>\n<meta property=\"article:modified_time\" content=\"2026-01-07T10:32:04+00:00\" \/>\n<meta property=\"og:image\" content=\"https:\/\/www.cours-acces.fr\/reunion\/wp-content\/uploads\/sites\/3\/2024\/10\/acceuil-du-cour-sacces.png\" \/>\n\t<meta property=\"og:image:width\" content=\"950\" \/>\n\t<meta property=\"og:image:height\" content=\"630\" \/>\n\t<meta property=\"og:image:type\" content=\"image\/png\" \/>\n<meta name=\"twitter:card\" content=\"summary_large_image\" \/>\n<meta name=\"twitter:label1\" content=\"Dur\u00e9e de lecture estim\u00e9e\" \/>\n\t<meta name=\"twitter:data1\" content=\"1 minute\" \/>\n<script type=\"application\/ld+json\" class=\"yoast-schema-graph\">{\"@context\":\"https:\/\/schema.org\",\"@graph\":[{\"@type\":\"WebPage\",\"@id\":\"https:\/\/www.cours-acces.fr\/reunion\/conference-orientation-sante-la-reunion\/\",\"url\":\"https:\/\/www.cours-acces.fr\/reunion\/conference-orientation-sante-la-reunion\/\",\"name\":\"Conf\u00e9rence d\u2019orientation \u2013 \u00c9tudes de sant\u00e9 (PASS \/ LAS) - Cours Acc\u00e8s - La R\u00e9union\",\"isPartOf\":{\"@id\":\"https:\/\/www.cours-acces.fr\/reunion\/#website\"},\"primaryImageOfPage\":{\"@id\":\"https:\/\/www.cours-acces.fr\/reunion\/conference-orientation-sante-la-reunion\/#primaryimage\"},\"image\":{\"@id\":\"https:\/\/www.cours-acces.fr\/reunion\/conference-orientation-sante-la-reunion\/#primaryimage\"},\"thumbnailUrl\":\"https:\/\/www.cours-acces.fr\/reunion\/wp-content\/uploads\/sites\/3\/2024\/10\/acceuil-du-cour-sacces.png\",\"datePublished\":\"2025-11-04T13:10:21+00:00\",\"dateModified\":\"2026-01-07T10:32:04+00:00\",\"breadcrumb\":{\"@id\":\"https:\/\/www.cours-acces.fr\/reunion\/conference-orientation-sante-la-reunion\/#breadcrumb\"},\"inLanguage\":\"fr-FR\",\"potentialAction\":[{\"@type\":\"ReadAction\",\"target\":[\"https:\/\/www.cours-acces.fr\/reunion\/conference-orientation-sante-la-reunion\/\"]}]},{\"@type\":\"ImageObject\",\"inLanguage\":\"fr-FR\",\"@id\":\"https:\/\/www.cours-acces.fr\/reunion\/conference-orientation-sante-la-reunion\/#primaryimage\",\"url\":\"https:\/\/www.cours-acces.fr\/reunion\/wp-content\/uploads\/sites\/3\/2024\/10\/acceuil-du-cour-sacces.png\",\"contentUrl\":\"https:\/\/www.cours-acces.fr\/reunion\/wp-content\/uploads\/sites\/3\/2024\/10\/acceuil-du-cour-sacces.png\",\"width\":950,\"height\":630},{\"@type\":\"BreadcrumbList\",\"@id\":\"https:\/\/www.cours-acces.fr\/reunion\/conference-orientation-sante-la-reunion\/#breadcrumb\",\"itemListElement\":[{\"@type\":\"ListItem\",\"position\":1,\"name\":\"Home\",\"item\":\"https:\/\/www.cours-acces.fr\/reunion\/\"},{\"@type\":\"ListItem\",\"position\":2,\"name\":\"Conf\u00e9rence d\u2019orientation \u2013 \u00c9tudes de sant\u00e9 (PASS \/ LAS)\"}]},{\"@type\":\"WebSite\",\"@id\":\"https:\/\/www.cours-acces.fr\/reunion\/#website\",\"url\":\"https:\/\/www.cours-acces.fr\/reunion\/\",\"name\":\"Cours Acc\u00e8s - La R\u00e9union\",\"description\":\"La pr\u00e9paration aux concours sant\u00e9 de la R\u00e9union depuis 2004\",\"publisher\":{\"@id\":\"https:\/\/www.cours-acces.fr\/reunion\/#organization\"},\"potentialAction\":[{\"@type\":\"SearchAction\",\"target\":{\"@type\":\"EntryPoint\",\"urlTemplate\":\"https:\/\/www.cours-acces.fr\/reunion\/?s={search_term_string}\"},\"query-input\":{\"@type\":\"PropertyValueSpecification\",\"valueRequired\":true,\"valueName\":\"search_term_string\"}}],\"inLanguage\":\"fr-FR\"},{\"@type\":\"Organization\",\"@id\":\"https:\/\/www.cours-acces.fr\/reunion\/#organization\",\"name\":\"Cours Acc\u00e8s - La R\u00e9union\",\"url\":\"https:\/\/www.cours-acces.fr\/reunion\/\",\"logo\":{\"@type\":\"ImageObject\",\"inLanguage\":\"fr-FR\",\"@id\":\"https:\/\/www.cours-acces.fr\/reunion\/#\/schema\/logo\/image\/\",\"url\":\"https:\/\/www.cours-acces.fr\/reunion\/wp-content\/uploads\/sites\/3\/2023\/06\/LOGO-acces.png\",\"contentUrl\":\"https:\/\/www.cours-acces.fr\/reunion\/wp-content\/uploads\/sites\/3\/2023\/06\/LOGO-acces.png\",\"width\":1000,\"height\":442,\"caption\":\"Cours Acc\u00e8s - La R\u00e9union\"},\"image\":{\"@id\":\"https:\/\/www.cours-acces.fr\/reunion\/#\/schema\/logo\/image\/\"}}]}<\/script>\n<!-- \/ Yoast SEO plugin. -->","yoast_head_json":{"title":"Conf\u00e9rence d\u2019orientation \u2013 \u00c9tudes de sant\u00e9 (PASS \/ LAS) - Cours Acc\u00e8s - La R\u00e9union","robots":{"index":"index","follow":"follow","max-snippet":"max-snippet:-1","max-image-preview":"max-image-preview:large","max-video-preview":"max-video-preview:-1"},"canonical":"https:\/\/www.cours-acces.fr\/reunion\/conference-orientation-sante-la-reunion\/","og_locale":"fr_FR","og_type":"article","og_title":"Conf\u00e9rence d\u2019orientation \u2013 \u00c9tudes de sant\u00e9 (PASS \/ LAS) - Cours Acc\u00e8s - La R\u00e9union","og_description":"Conf\u00e9rence Samedi 24 janvier 2026 \u00e0 14h \u00c0 qui s\u2019adresse cette conf\u00e9rence ? Lyc\u00e9ens int\u00e9ress\u00e9s par des \u00e9tudes de sant\u00e9 Parents souhaitant mieux comprendre PASS \/ LAS \u00c9l\u00e8ves en questionnement [&hellip;]","og_url":"https:\/\/www.cours-acces.fr\/reunion\/conference-orientation-sante-la-reunion\/","og_site_name":"Cours Acc\u00e8s - La R\u00e9union","article_modified_time":"2026-01-07T10:32:04+00:00","og_image":[{"width":950,"height":630,"url":"https:\/\/www.cours-acces.fr\/reunion\/wp-content\/uploads\/sites\/3\/2024\/10\/acceuil-du-cour-sacces.png","type":"image\/png"}],"twitter_card":"summary_large_image","twitter_misc":{"Dur\u00e9e de lecture estim\u00e9e":"1 minute"},"schema":{"@context":"https:\/\/schema.org","@graph":[{"@type":"WebPage","@id":"https:\/\/www.cours-acces.fr\/reunion\/conference-orientation-sante-la-reunion\/","url":"https:\/\/www.cours-acces.fr\/reunion\/conference-orientation-sante-la-reunion\/","name":"Conf\u00e9rence d\u2019orientation \u2013 \u00c9tudes de sant\u00e9 (PASS \/ LAS) - Cours Acc\u00e8s - La R\u00e9union","isPartOf":{"@id":"https:\/\/www.cours-acces.fr\/reunion\/#website"},"primaryImageOfPage":{"@id":"https:\/\/www.cours-acces.fr\/reunion\/conference-orientation-sante-la-reunion\/#primaryimage"},"image":{"@id":"https:\/\/www.cours-acces.fr\/reunion\/conference-orientation-sante-la-reunion\/#primaryimage"},"thumbnailUrl":"https:\/\/www.cours-acces.fr\/reunion\/wp-content\/uploads\/sites\/3\/2024\/10\/acceuil-du-cour-sacces.png","datePublished":"2025-11-04T13:10:21+00:00","dateModified":"2026-01-07T10:32:04+00:00","breadcrumb":{"@id":"https:\/\/www.cours-acces.fr\/reunion\/conference-orientation-sante-la-reunion\/#breadcrumb"},"inLanguage":"fr-FR","potentialAction":[{"@type":"ReadAction","target":["https:\/\/www.cours-acces.fr\/reunion\/conference-orientation-sante-la-reunion\/"]}]},{"@type":"ImageObject","inLanguage":"fr-FR","@id":"https:\/\/www.cours-acces.fr\/reunion\/conference-orientation-sante-la-reunion\/#primaryimage","url":"https:\/\/www.cours-acces.fr\/reunion\/wp-content\/uploads\/sites\/3\/2024\/10\/acceuil-du-cour-sacces.png","contentUrl":"https:\/\/www.cours-acces.fr\/reunion\/wp-content\/uploads\/sites\/3\/2024\/10\/acceuil-du-cour-sacces.png","width":950,"height":630},{"@type":"BreadcrumbList","@id":"https:\/\/www.cours-acces.fr\/reunion\/conference-orientation-sante-la-reunion\/#breadcrumb","itemListElement":[{"@type":"ListItem","position":1,"name":"Home","item":"https:\/\/www.cours-acces.fr\/reunion\/"},{"@type":"ListItem","position":2,"name":"Conf\u00e9rence d\u2019orientation \u2013 \u00c9tudes de sant\u00e9 (PASS \/ LAS)"}]},{"@type":"WebSite","@id":"https:\/\/www.cours-acces.fr\/reunion\/#website","url":"https:\/\/www.cours-acces.fr\/reunion\/","name":"Cours Acc\u00e8s - La R\u00e9union","description":"La pr\u00e9paration aux concours sant\u00e9 de la R\u00e9union depuis 2004","publisher":{"@id":"https:\/\/www.cours-acces.fr\/reunion\/#organization"},"potentialAction":[{"@type":"SearchAction","target":{"@type":"EntryPoint","urlTemplate":"https:\/\/www.cours-acces.fr\/reunion\/?s={search_term_string}"},"query-input":{"@type":"PropertyValueSpecification","valueRequired":true,"valueName":"search_term_string"}}],"inLanguage":"fr-FR"},{"@type":"Organization","@id":"https:\/\/www.cours-acces.fr\/reunion\/#organization","name":"Cours Acc\u00e8s - La R\u00e9union","url":"https:\/\/www.cours-acces.fr\/reunion\/","logo":{"@type":"ImageObject","inLanguage":"fr-FR","@id":"https:\/\/www.cours-acces.fr\/reunion\/#\/schema\/logo\/image\/","url":"https:\/\/www.cours-acces.fr\/reunion\/wp-content\/uploads\/sites\/3\/2023\/06\/LOGO-acces.png","contentUrl":"https:\/\/www.cours-acces.fr\/reunion\/wp-content\/uploads\/sites\/3\/2023\/06\/LOGO-acces.png","width":1000,"height":442,"caption":"Cours Acc\u00e8s - La R\u00e9union"},"image":{"@id":"https:\/\/www.cours-acces.fr\/reunion\/#\/schema\/logo\/image\/"}}]}},"_links":{"self":[{"href":"https:\/\/www.cours-acces.fr\/reunion\/wp-json\/wp\/v2\/pages\/1961","targetHints":{"allow":["GET"]}}],"collection":[{"href":"https:\/\/www.cours-acces.fr\/reunion\/wp-json\/wp\/v2\/pages"}],"about":[{"href":"https:\/\/www.cours-acces.fr\/reunion\/wp-json\/wp\/v2\/types\/page"}],"author":[{"embeddable":true,"href":"https:\/\/www.cours-acces.fr\/reunion\/wp-json\/wp\/v2\/users\/3"}],"replies":[{"embeddable":true,"href":"https:\/\/www.cours-acces.fr\/reunion\/wp-json\/wp\/v2\/comments?post=1961"}],"version-history":[{"count":27,"href":"https:\/\/www.cours-acces.fr\/reunion\/wp-json\/wp\/v2\/pages\/1961\/revisions"}],"predecessor-version":[{"id":2014,"href":"https:\/\/www.cours-acces.fr\/reunion\/wp-json\/wp\/v2\/pages\/1961\/revisions\/2014"}],"wp:featuredmedia":[{"embeddable":true,"href":"https:\/\/www.cours-acces.fr\/reunion\/wp-json\/wp\/v2\/media\/1685"}],"wp:attachment":[{"href":"https:\/\/www.cours-acces.fr\/reunion\/wp-json\/wp\/v2\/media?parent=1961"}],"curies":[{"name":"wp","href":"https:\/\/api.w.org\/{rel}","templated":true}]}}